{"id":28038,"date":"2021-04-30T06:58:37","date_gmt":"2021-04-30T06:58:37","guid":{"rendered":"http:\/\/www.creditler.com\/de\/?page_id=28038"},"modified":"2021-04-30T06:58:37","modified_gmt":"2021-04-30T06:58:37","slug":"cookie-richtlinie","status":"publish","type":"page","link":"https:\/\/www.creditler.com\/de\/cookie-richtlinie\/","title":{"rendered":"Cookie-Richtlinie"},"content":{"rendered":"<h3>Kontaktieren Sie uns<\/h3>\n<p><strong>Sie k\u00f6nnen Creditler unter folgender Adresse erreichen.<\/strong><\/p>\n<p>de@www.creditler.com<\/p>\n<p>PL 10, 90501 Oulu, Finland<\/p>\n<h3>Was sind Cookies<\/h3>\n<p>Ein Cookie ist ein kleiner Datensatz, der von einer Website, die Sie besuchen, auf Ihrem Endger\u00e4t gespeichert wird. Sie enth\u00e4lt wichtige Informationen wie z.B. pers\u00f6nliche Seiteneinstellungen. Hier und hier k\u00f6nnen Sie mehr \u00fcber Cookies erfahren.<\/p>\n<h3>Die Cookie Verwendung auf unserer Website<\/h3>\n<p>Cookies werden auf unserer Seite f\u00fcr die folgenden Zwecke verwendet.<\/p>\n<ul>\n<li>Um die Nutzung der Website sicherzustellen<\/li>\n<li>F\u00fcr Marketing Zwecke u.a gezieltes Marketing<\/li>\n<li>F\u00fcr statistische Zwecke<\/li>\n<\/ul>\n<p>Cookies erm\u00f6glichen es uns, Inhalte und Werbung entsprechend anzupassen und die Anzahl der Besucher zu analysieren.<\/p>\n<p>Zus\u00e4tzlich, haben unsere Partner, die f\u00fcr die Website Unterst\u00fctzung verantwortlich sind, Zugriff auf die gesammelten Cookies. Sie k\u00f6nnen die Verwendung von Cookies jedoch jederzeit ablehnen.<\/p>\n<h3>Cookies ablehnen und l\u00f6schen<\/h3>\n<p>Als ein Endnutzer k\u00f6nnen Sie immer entscheiden, ob Sie einige oder alle Cookies akzeptieren oder l\u00f6schen wollen.<\/p>\n<p>Bitte beachten Sie, dass beim L\u00f6schen der Cookies der Zugriff auf unsere Website eingeschr\u00e4nkt ist. Einige Funktionen k\u00f6nnen nur teilweise oder limitiert genutzt werden.<\/p>\n<h3>Welche Cookies wir verwenden<\/h3>\n<p>Drittanbieter Cookies:<\/p>\n<ul>\n<li>Facebook<\/li>\n<li>Google Analytics<\/li>\n<li>Google AdWords<\/li>\n<li>Active Campaign<\/li>\n<li>Adservice (adservice.com)<\/li>\n<li>WeCanTrack<\/li>\n<\/ul>\n","protected":false},"excerpt":{"rendered":"<p>Kontaktieren Sie uns Sie k\u00f6nnen Creditler unter folgender Adresse erreichen. de@www.creditler.com PL 10, 90501 Oulu, Finland Was sind Cookies Ein Cookie ist ein kleiner Datensatz, der von einer Website, die Sie besuchen, auf Ihrem Endger\u00e4t gespeichert wird. Sie enth\u00e4lt wichtige Informationen wie z.B. pers\u00f6nliche Seiteneinstellungen. Hier und hier k\u00f6nnen Sie mehr \u00fcber Cookies erfahren. Die&hellip;<\/p>\n","protected":false},"author":1,"featured_media":0,"parent":0,"menu_order":0,"comment_status":"closed","ping_status":"closed","template":"","meta":{"footnotes":""},"acf":[],"_links":{"self":[{"href":"https:\/\/www.creditler.com\/de\/wp-json\/wp\/v2\/pages\/28038"}],"collection":[{"href":"https:\/\/www.creditler.com\/de\/wp-json\/wp\/v2\/pages"}],"about":[{"href":"https:\/\/www.creditler.com\/de\/wp-json\/wp\/v2\/types\/page"}],"author":[{"embeddable":true,"href":"https:\/\/www.creditler.com\/de\/wp-json\/wp\/v2\/users\/1"}],"replies":[{"embeddable":true,"href":"https:\/\/www.creditler.com\/de\/wp-json\/wp\/v2\/comments?post=28038"}],"version-history":[{"count":1,"href":"https:\/\/www.creditler.com\/de\/wp-json\/wp\/v2\/pages\/28038\/revisions"}],"predecessor-version":[{"id":28039,"href":"https:\/\/www.creditler.com\/de\/wp-json\/wp\/v2\/pages\/28038\/revisions\/28039"}],"wp:attachment":[{"href":"https:\/\/www.creditler.com\/de\/wp-json\/wp\/v2\/media?parent=28038"}],"curies":[{"name":"wp","href":"https:\/\/api.w.org\/{rel}","templated":true}]}}