{"id":28042,"date":"2021-04-30T06:59:41","date_gmt":"2021-04-30T06:59:41","guid":{"rendered":"http:\/\/www.creditler.com\/de\/?page_id=28042"},"modified":"2021-04-30T06:59:41","modified_gmt":"2021-04-30T06:59:41","slug":"datenschutzrichtlinie","status":"publish","type":"page","link":"https:\/\/www.creditler.com\/de\/datenschutzrichtlinie\/","title":{"rendered":"Datenschutzrichtlinie"},"content":{"rendered":"<p>Creditler.com ist ein Onlinedienst der Lead Group Oy, der ebenfalls von Lead Group verwaltet wird. Die Lead Group Oy verpflichtet sich zum Schutz der Privatsph\u00e4re der Nutzer der Website www.creditler.com\/de\/ gem\u00e4\u00df der Datenschutz-Grundverordnung (DSGVO) sowie den anderen einschl\u00e4gigen Rechtsvorschriften.<\/p>\n<p>In dieser Datenschutzerkl\u00e4rung (\u201eDatenschutzerkl\u00e4rung \u201d) wollen wir Sie dar\u00fcber informieren, welche Art von Daten wir \u00fcber die Nutzer unserer Website (\u201eNutzer\u201c, \u201eSie\u201c) sammeln, wie wir diese Daten verwenden und an Dritte weitergeben. In der Datenschutzerkl\u00e4rung beschreiben wir ebenso die Verwendung von Cookies auf unserer Website und den Seiten von Dritten. Lesen Sie die Datenschutzerkl\u00e4rung sorgf\u00e4ltig durch. Durch die Nutzung der Website erkl\u00e4ren Sie sich mit der Verarbeitung Ihrer personenbezogenen Daten gem\u00e4\u00df dieser Datenschutzerkl\u00e4rung einverstanden.<\/p>\n<p>Eine Beschreibung des Registers personenbezogener Daten unseres Unternehmens finden Sie hier: Datenregisterbeschreibung<\/p>\n<h3>1. Von uns gesammelte Daten und regul\u00e4re Datenquellen<\/h3>\n<p>Wir sammeln personenbezogene Daten \u00fcber den Nutzer, wenn dieser die Website benutzt, z. B. in Verbindung mit einem \u00fcber die Website ausgef\u00fcllten Kreditantrag, bei Interaktionen mit dem Kundenservice und auf andere Weise direkt vom Nutzer. Mit Hilfe der nachfolgend beschriebenen Cookies und anderer Technologien k\u00f6nnen wir zudem Daten dar\u00fcber sammeln, wie der Nutzer unsere Website und Dienste nutzt.<\/p>\n<p>Personenbezogene Daten, die wir \u00fcber die Nutzer bei der Verwendung unserer Website sammeln, umfassen die f\u00fcr den Zweck der Verarbeitung personenbezogener Daten erforderlichen Informationen. Wir k\u00f6nnen beispielsweise folgende Daten sammeln:<\/p>\n<ul>\n<li>Kontaktdaten wie Name, Anschrift, Lieferanschrift (wenn diese von der Postanschrift abweicht), Telefonnummer, E-Mail-Adresse<\/li>\n<li>Anmeldedaten wie Benutzername, Passwort oder andere individuelle Kennung<\/li>\n<li>Geburtstag, Geschlecht<\/li>\n<li>die vom Nutzer bereitgestellten Daten zu Profilerstellung und Interessen<\/li>\n<li>Daten zur Nutzung unserer Website und Dienste und bez\u00fcglich der Kundenbeziehung, wie z. B. Zahlungsdaten, Zahlungskarten- oder Kontodaten, Kundenfeedbackinformationen, Bestelldaten<\/li>\n<li>Daten in Verbindung mit Widerspruch und Einwilligung zum Direktmarketing<\/li>\n<li>sonstige weitere Daten, die mit der Zustimmung des Nutzers gesammelt werden.<\/li>\n<\/ul>\n<p>Wenn Sie bei der Registrierung und\/oder Anmeldung zur Seite einen von einem Dritten betriebenen Dienst verwenden, k\u00f6nnen vom externen Dienst gem\u00e4\u00df den Privatsph\u00e4re- und Nutzungsbedingungen des entsprechenden Dienstes die verf\u00fcgbaren personenbezogenen Daten erhoben werden (wie z. B. Nutzerkennung und E-Mail-Adresse).<\/p>\n<h3>2. Personenbezogene Daten<\/h3>\n<p>Wenn Sie sich auf unserer Website registrieren, fragen wir Sie nach Ihren Personen- und Einkommensdaten sowie anderen wichtigen Angaben, die wir f\u00fcr die Bearbeitung eines Kredits ben\u00f6tigen. Wir geben die erhaltenen Daten an unsere Kreditgeber weiter. Weitere Informationen finden Sie im Abschnitt \u201eVerarbeitung personenbezogener Daten\u201c.<br \/>\nWir k\u00f6nnen Ihre personenbezogenen Daten auch f\u00fcr folgende Zwecke verarbeiten:<\/p>\n<ul>\n<li>Kommunikation bez\u00fcglich der Website und unserer Dienste; Pflege der Kundenbeziehung;<\/li>\n<li>Erstellung, Bereitstellung, Entwicklung, Verbesserung und Schutz unserer Website und Dienste;<\/li>\n<li>nutzerspezifische Personalisierung der Website und Zielausrichtung von Werbung;<\/li>\n<li>Analysen und Statistiken bez\u00fcglich der Website;<\/li>\n<li>Marktforschung und elektronisches Direktmarketing in \u00dcbereinstimmung mit dem Gesetz \u00fcber personenbezogene Daten und dem Gesetz zum Datenschutz bei der elektronischen Kommunikation;<\/li>\n<li>Vorbeugen und Aufkl\u00e4rung von Missbrauch;<\/li>\n<li>Schutz von Rechten und\/oder von Eigentum in Verbindung mit der Website; und<\/li>\n<li>sonstige entsprechende Verwendungszwecke.<\/li>\n<\/ul>\n<h3>3. Verwendung von Cookies<\/h3>\n<h4>Auf der Website verwendete Cookies<\/h4>\n<p>Mit Hilfe von Cookies und anderen entsprechenden Technologien sammeln wir auf der Website Daten zum Endger\u00e4t des Nutzers.<\/p>\n<p>Ein Cookie ist f\u00fcr gew\u00f6hnlich eine kleine Textdatei, die Ihr Internetbrowser zwecks Erkennung und Wiedererkennung des Nutzers auf Ihrem Endger\u00e4t speichert. Mit Hilfe von Cookies k\u00f6nnen wir Ihren Browser erkennen und die so erhaltenen Daten verwenden, um beispielsweise die besuchenden Browser zu z\u00e4hlen und die Nutzung unserer Website mittels u. a. statistischer \u00dcberwachung zu analysieren. Unser Bestreben ist es, unseren Dienst hierdurch noch benutzerfreundlicher zu gestalten.<br \/>\nMit Hilfe von Cookies k\u00f6nnen u. a. folgende Daten gesammelt werden:<\/p>\n<ul>\n<li>IP-Adresse des Nutzers;<\/li>\n<li>Uhrzeit;<\/li>\n<li>besuchte Seiten und die Dauer des Besuchs;<\/li>\n<li>Browsertyp, Betriebssystem Ihres Endger\u00e4ts;<\/li>\n<li>von welcher Website aus der Nutzer auf unsere Website gelangt ist und welche Website der Nutzer nach dem Besuch unserer Website aufruft; und<\/li>\n<li>von welchem Server und von welcher Domain aus der Nutzer auf die Website gelangt ist.<\/li>\n<\/ul>\n<p>Die Website kann auch Cookies von Dritten enthalten, wie z. B. von Mess- und \u00dcberwachungsdiensten. Dritte k\u00f6nnen bei Ihrem Besuch auf unserer Website Cookies auf Ihrem Endger\u00e4t installieren.<\/p>\n<h4>Cookies auf den Websites von Dritten<\/h4>\n<p>Zus\u00e4tzlich zu den auf unserer Website verwendeten Cookies k\u00f6nnen Cookies auch f\u00fcr die Zielausrichtung unserer eigenen Werbung auf den Seiten von Dritten genutzt werden. Wir arbeiten mit Unternehmen zusammen, die auf Online-Werbetechnologie spezialisiert sind. Auf der Grundlage der mit Hilfe von Cookies dieser Kooperationspartner und anderen Technologien gesammelten Daten kann unsere Werbung unter Ber\u00fccksichtigung des bisherigen Online-Verhaltens und anderer Faktoren auf solche Nutzer ausgerichtet werden, die unsere Werbung h\u00f6chstwahrscheinlich am meisten interessiert. Bei der Zielausrichtung k\u00f6nnen somit auch die von externen Websites gesammelten Verhaltensdaten genutzt werden.<\/p>\n<p>Unsere Kooperationspartner und wir k\u00f6nnen zudem Daten dar\u00fcber sammeln, wie effizient unsere Werbung ist. In diesem Sinne k\u00f6nnen wir beispielsweise folgende Daten erheben:<\/p>\n<ul>\n<li>Informationen dar\u00fcber, wie viele Male eine bestimmte Werbung im Browser angezeigt wurde;<\/li>\n<li>Informationen dar\u00fcber, ob die Werbung ge\u00f6ffnet wurde; und<\/li>\n<li>Informationen dar\u00fcber, ob das \u00d6ffnen einer Werbung zum Kauf des Produkts gef\u00fchrt hat.<\/li>\n<\/ul>\n<h4>Blockieren von Cookies und zielgerichteter Werbung<\/h4>\n<p>Sie k\u00f6nnen selbst konfigurieren, in welchem Umfang Sie der Verwendung von Cookies und Zielausrichtung von Werbung zustimmen.<\/p>\n<p>Sie k\u00f6nnen die Verwendung von Cookies verhindern, indem Sie die Einstellungen Ihres Browsers \u00e4ndern. Bitte beachten Sie, dass Ihnen durch das Entfernen von Cookies einige Funktionen der Website unter Umst\u00e4nden nicht zur Verf\u00fcgung stehen.<\/p>\n<p>Falls Sie nicht m\u00f6chten, dass Werbung nach Ihren Interessensgebieten ausgerichtet wird, k\u00f6nnen Sie die Zielausrichtung \u00fcber den nachfolgenden Link verhindern. Nach dem Blockieren der Zielausrichtung wird Ihnen genauso viel Werbung wie bislang angezeigt, aber die Werbung ist nicht mehr nach Ihren Interessen ausgew\u00e4hlt. Sie k\u00f6nnen die Zielausrichtung hier verhindern: http:\/\/www.youronlinechoices.com\/de\/praferenzmanagement\/<\/p>\n<h3>4. Regul\u00e4re Weitergabe von Daten<\/h3>\n<p>Wir k\u00f6nnen Ihre personenbezogenen Daten f\u00fcr begr\u00fcndete Verwendungszwecke gem\u00e4\u00df der g\u00fcltigen Gesetzgebung zu personenbezogenen Daten weitergeben.<\/p>\n<p>a) Ihre \u00fcber die Website bereitgestellten Daten k\u00f6nnen an Akteure folgender Gruppen weitergegeben werden:<\/p>\n<ul>\n<li>an der Umsetzung der Website und unserer Dienste beteiligte Dienstleistungsanbieter, wie z. B. Anbieter von Zahlungsdiensten<\/li>\n<li>Kooperationspartner f\u00fcr Werbezwecke, falls Sie dem nicht widersprochen haben<\/li>\n<li>Beh\u00f6rden, falls das Gesetz oder unsere Interessen oder die Interessen eines Dritten dies erfordern<\/li>\n<li>unsere Tochter- und Beteiligungsunternehmen oder andere Gesellschaften desselben Konzerns oder derselben wirtschaftlichen Gemeinschaft oder die neuen Inhaber oder Teilinhaber oder Betreiber der Website und deren Berater im Falle einer Fusion oder \u00dcbernahme.<\/li>\n<\/ul>\n<p>b) Daten, die mittels automatischer Datenverarbeitung erhoben wurden, k\u00f6nnen an Akteure folgender Gruppen weitergegeben werden:<\/p>\n<ul>\n<li>Dienstleistungsanbieter, wie z. B. auf Datenanalyse und Online-Werbung spezialisierte Unternehmen<\/li>\n<li>Beh\u00f6rden, falls das Gesetz oder unsere Interessen oder die Interessen eines Dritten dies erfordern<\/li>\n<li>unsere Tochter- und Beteiligungsunternehmen oder andere Gesellschaften desselben Konzerns oder derselben wirtschaftlichen Gemeinschaft oder die neuen Inhaber oder Teilinhaber oder Betreiber der Website und deren Berater im Falle einer Fusion oder \u00dcbernahme.<\/li>\n<\/ul>\n<p>Zudem k\u00f6nnen Daten an Dritte in solcher Form weitergegeben werden, dass einzelne Nutzer nicht identifiziert werden k\u00f6nnen, in welchem Fall es sich nicht um personenbezogene Daten handelt.<\/p>\n<p>Dienstleistungsanbieter, die wir benutzen, sind unter anderem:<\/p>\n<ul>\n<li>Google (<a href=\"https:\/\/myactivity.google.com\/\" data-wct-parsed=\"1\" target=\"_blank\" rel=\"noopener\">Verwalten Sie Ihre Daten hier<\/a>)<\/li>\n<li>Facebook (<a href=\"https:\/\/www.facebook.com\/privacy\/explanation\" data-wct-parsed=\"1\" target=\"_blank\" rel=\"noopener\">Verwalten Sie Ihre Daten hier<\/a>)<\/li>\n<li>Adform (<a href=\"https:\/\/site.adform.com\/privacy-center\/website-privacy\/opt-out\/\" data-wct-parsed=\"1\" target=\"_blank\" rel=\"noopener\">Verwalten Sie Ihre Daten hier<\/a>)<\/li>\n<\/ul>\n<h3>5. Links zu Websites Dritter<\/h3>\n<p>Unsere Website kann Links zu von Dritten betriebenen Websites enthalten. Wir haften nicht f\u00fcr den Inhalt oder den Schutz der Privatsph\u00e4re auf den Websites solcher Dritter. Wir empfehlen, die Bedingungen zum Schutz der Privatsph\u00e4re jeder Website sorgf\u00e4ltig zu lesen.<\/p>\n<h3>6. Grunds\u00e4tze des Schutzes personenbezogener Daten<\/h3>\n<p>Wir setzen erforderliche technische und organisatorische Datenschutzma\u00dfnahmen um zum Schutz von personenbezogenen Daten vor Zugriff durch Unbefugte und vor versehentlicher oder unrechtm\u00e4\u00dfiger Zerst\u00f6rung, \u00c4nderung, Weitergabe, \u00dcbertragung oder sonstiger unrechtm\u00e4\u00dfiger Verarbeitung.<\/p>\n<h3>7. Ihre Rechte und Einflussm\u00f6glichkeiten<\/h3>\n<p>Sie haben das Recht, Auskunft zu den in unserem Register gespeicherten Daten zu Ihrer Person zu erlangen, die Berichtigung fehlerhafter Daten zu verlangen, der Verarbeitung Ihrer personenbezogenen Daten zu Direktmarketingzwecken zu widersprechen und auch anderweitig von Ihren im Gesetz \u00fcber personenbezogene Daten festgelegten Rechten Gebrauch zu machen.<\/p>\n<p>Auf Ihren Antrag hin berichtigen, l\u00f6schen oder vervollst\u00e4ndigen wir die angesichts des Verarbeitungszwecks fehlerhaften, entbehrlichen, unzureichenden oder veralteten personenbezogenen Daten. Sie k\u00f6nnen Ihre zuvor beschriebenen Rechte geltend machen, indem Sie unseren Kundenservice unter de@www.creditler.com kontaktieren. Bei der Inanspruchnahme des Auskunftsrechts kann f\u00fcr die \u00dcbermittlung der Daten eine angemessene Geb\u00fchr erhoben werden, wenn seit der letzten \u00dcberpr\u00fcfung der Registerdaten durch den Nutzer weniger als ein Jahr verstrichen ist.<\/p>\n<h3>8. \u00c4nderungen der Datenschutzerkl\u00e4rung<\/h3>\n<p>Wir behalten uns das Recht vor, diese Datenschutzerkl\u00e4rung zu \u00e4ndern, indem wir dar\u00fcber auf unserer Website informieren. Wir empfehlen Ihnen, den Inhalt der Datenschutzerkl\u00e4rung regelm\u00e4\u00dfig zu lesen.<\/p>\n<h3>9. Kontaktdaten<\/h3>\n<p>Der f\u00fcr die Verarbeitung der von uns erhobenen personenbezogenen Daten Verantwortliche ist Lead Group Oy.<br \/>\nBitte wenden Sie sich bei Fragen zu dieser Datenschutzerkl\u00e4rung an unsere Kontaktperson:<\/p>\n<p>Kundendienst<br \/>\nE-Mail: de@www.creditler.com<br \/>\nAnschrift: Lead Group Oy, PL 10, 90501 Oulu, Finland<\/p>\n","protected":false},"excerpt":{"rendered":"<p>Creditler.com ist ein Onlinedienst der Lead Group Oy, der ebenfalls von Lead Group verwaltet wird. Die Lead Group Oy verpflichtet sich zum Schutz der Privatsph\u00e4re der Nutzer der Website www.creditler.com\/de\/ gem\u00e4\u00df der Datenschutz-Grundverordnung (DSGVO) sowie den anderen einschl\u00e4gigen Rechtsvorschriften. In dieser Datenschutzerkl\u00e4rung (\u201eDatenschutzerkl\u00e4rung \u201d) wollen wir Sie dar\u00fcber informieren, welche Art von Daten wir \u00fcber&hellip;<\/p>\n","protected":false},"author":1,"featured_media":0,"parent":0,"menu_order":0,"comment_status":"closed","ping_status":"closed","template":"","meta":{"footnotes":""},"acf":[],"_links":{"self":[{"href":"https:\/\/www.creditler.com\/de\/wp-json\/wp\/v2\/pages\/28042"}],"collection":[{"href":"https:\/\/www.creditler.com\/de\/wp-json\/wp\/v2\/pages"}],"about":[{"href":"https:\/\/www.creditler.com\/de\/wp-json\/wp\/v2\/types\/page"}],"author":[{"embeddable":true,"href":"https:\/\/www.creditler.com\/de\/wp-json\/wp\/v2\/users\/1"}],"replies":[{"embeddable":true,"href":"https:\/\/www.creditler.com\/de\/wp-json\/wp\/v2\/comments?post=28042"}],"version-history":[{"count":1,"href":"https:\/\/www.creditler.com\/de\/wp-json\/wp\/v2\/pages\/28042\/revisions"}],"predecessor-version":[{"id":28043,"href":"https:\/\/www.creditler.com\/de\/wp-json\/wp\/v2\/pages\/28042\/revisions\/28043"}],"wp:attachment":[{"href":"https:\/\/www.creditler.com\/de\/wp-json\/wp\/v2\/media?parent=28042"}],"curies":[{"name":"wp","href":"https:\/\/api.w.org\/{rel}","templated":true}]}}