{"id":27889,"date":"2021-04-20T07:31:00","date_gmt":"2021-04-20T07:31:00","guid":{"rendered":"http:\/\/www.creditler.com\/fi\/?page_id=27889"},"modified":"2021-04-23T09:48:53","modified_gmt":"2021-04-23T09:48:53","slug":"vores-samarbejdspartnere","status":"publish","type":"page","link":"https:\/\/www.creditler.com\/dk\/vores-samarbejdspartnere\/","title":{"rendered":"Vores samarbejdspartnere"},"content":{"rendered":"<p>Creditler.com samarbejder med flere banker og finansinstitutioner for at sammenligne l\u00e5netilbud fra forskellige udl\u00e5nere, s\u00e5dan at du selv kan v\u00e6lge det aller bedste tilbud, som passer netop dig. Ved at tilmelde dig, kan du muligvis modtage e-mail eller SMS fra os vedr\u00f8rende l\u00e5netilbud fra samarbejdspartnere, der er anf\u00f8rt nedenfor:<\/p>\n<p>Arbejdernes Landsbank<br \/>\nBank Norwegian<br \/>\nBasisbank<br \/>\nBedreKredit<br \/>\nBonusl\u00e5n<br \/>\nCashper<br \/>\nCapitolia ApS (Simbo, Kronel\u00e5n)<br \/>\nCoop Bank<br \/>\nD:E:R A\/S (D|E|R Privat Finans, PayMark Finans, F\u00f8niks Privatl\u00e5n)<br \/>\nDigifinans<br \/>\nDraivi Media Oy (Annafinans, Arcadia Finans)<br \/>\nExpress Bank<br \/>\nFellow Finance<br \/>\nFerratum<br \/>\nFinans 247 ApS (Kassekreditten, Kvikto, Minifinans, Folkel\u00e5net)<br \/>\nLEASY A\/S \/ 3C RETAIL A\/S (L\u2019EASY, L\u2019EASY Minil\u00e5n, Fokusl\u00e5n, Nordicl\u00e5n, Spargo Finans, Modus Finans)<br \/>\nL\u00e5nio<br \/>\nL\u00e5nLet<br \/>\nLendme<br \/>\nLead Group Oy (Creditler.com)<br \/>\nLendo<br \/>\nLendOn<br \/>\nNordCredit<br \/>\nNordea<br \/>\nPensam<br \/>\nre:member<br \/>\nResurs Bank<br \/>\nSantander<br \/>\nSamlino<br \/>\nSelene Finans<br \/>\nSparxpres<br \/>\nTando<br \/>\nVivus<br \/>\nZaplo<\/p>\n","protected":false},"excerpt":{"rendered":"<p>Creditler.com samarbejder med flere banker og finansinstitutioner for at sammenligne l\u00e5netilbud fra forskellige udl\u00e5nere, s\u00e5dan at du selv kan v\u00e6lge det aller bedste tilbud, som passer netop dig. Ved at tilmelde dig, kan du muligvis modtage e-mail eller SMS fra os vedr\u00f8rende l\u00e5netilbud fra samarbejdspartnere, der er anf\u00f8rt nedenfor: Arbejdernes Landsbank Bank Norwegian Basisbank BedreKredit&hellip;<\/p>\n","protected":false},"author":1,"featured_media":0,"parent":0,"menu_order":0,"comment_status":"closed","ping_status":"closed","template":"","meta":{"footnotes":""},"acf":[],"_links":{"self":[{"href":"https:\/\/www.creditler.com\/dk\/wp-json\/wp\/v2\/pages\/27889"}],"collection":[{"href":"https:\/\/www.creditler.com\/dk\/wp-json\/wp\/v2\/pages"}],"about":[{"href":"https:\/\/www.creditler.com\/dk\/wp-json\/wp\/v2\/types\/page"}],"author":[{"embeddable":true,"href":"https:\/\/www.creditler.com\/dk\/wp-json\/wp\/v2\/users\/1"}],"replies":[{"embeddable":true,"href":"https:\/\/www.creditler.com\/dk\/wp-json\/wp\/v2\/comments?post=27889"}],"version-history":[{"count":2,"href":"https:\/\/www.creditler.com\/dk\/wp-json\/wp\/v2\/pages\/27889\/revisions"}],"predecessor-version":[{"id":27992,"href":"https:\/\/www.creditler.com\/dk\/wp-json\/wp\/v2\/pages\/27889\/revisions\/27992"}],"wp:attachment":[{"href":"https:\/\/www.creditler.com\/dk\/wp-json\/wp\/v2\/media?parent=27889"}],"curies":[{"name":"wp","href":"https:\/\/api.w.org\/{rel}","templated":true}]}}