{"id":27896,"date":"2021-04-20T07:33:23","date_gmt":"2021-04-20T07:33:23","guid":{"rendered":"http:\/\/www.creditler.com\/fi\/?page_id=27896"},"modified":"2021-04-23T09:52:33","modified_gmt":"2021-04-23T09:52:33","slug":"sikkerhed","status":"publish","type":"page","link":"https:\/\/www.creditler.com\/dk\/sikkerhed\/","title":{"rendered":"Sikkerhed"},"content":{"rendered":"<h3>Kun p\u00e5 din computer<\/h3>\n<p>N\u00e5r du bes\u00f8ger Creditler hjemmeside, g\u00f8r du det anonymt. P\u00e5 vores hjemmeside kan du lave nemmere l\u00e5neberegninger, og beregningerne sker alene p\u00e5 din computer. Vi kan hverken se eller f\u00e5 adgang til dine beregninger.<\/p>\n<h3>Cookies<\/h3>\n<p>Vi indsamler ikke personlige oplysninger uden din viden. Vi anvender derimod s\u00e5kaldte cookies, som er sm\u00e5 informationsfiler, der gemmes i din browser p\u00e5 din computers harddisk. En cookie giver ikke adgang til fx din e-mailadresse eller andre personlige oplysninger.<\/p>\n<p>Vi anvender alene cookies for at analysere data, som fort\u00e6ller os, hvordan vores hjemmeside anvendes, fx dom\u00e6nenavn, bes\u00f8gte sider og brugersessionens varighed. Disse data skal vi bruge til at analysere brugen af vores hjemmeside og til at forbedre kvaliteten. Derved forbedres kvaliteten af de tjenester, vi tilbyder vores kunder. Du kan finde flere oplysninger om vores regler vedr\u00f8rende cookies.<\/p>\n<h3>Ansvarsbegr\u00e6nsning<\/h3>\n<p>Creditler forbeholder sig ret til at fral\u00e6gge sig ethvert ansvar for aktualiteten, rigtigheden og fuldst\u00e6ndigheden af oplysningerne p\u00e5 denne hjemmeside. Krav vedr\u00f8rende ansvar for skader for\u00e5rsaget af de angivne oplysninger, herunder enhver information, der kan v\u00e6re ufuldst\u00e6ndig eller fejlagtig, afvises derfor.<\/p>\n<p>Alle tilbud er ikke-bindende og uden yderligere forpligtelser. Dele af siderne eller hele publikationen, herunder ethvert tilbud og enhver information, kan udvides, \u00e6ndres og helt eller delvist slettes af Creditler uden forudg\u00e5ende varsel. Hjemmesiden kan indeholde fejl, herunder tastefejl.<\/p>\n<h3>Referencer og links<\/h3>\n<p>Creditler er ikke ansvarlig for indhold i links eller referencer p\u00e5 disse sider. I tilf\u00e6lde af fejl eller skader som f\u00f8lge af brug af den angivne information er Creditler fritaget for ethvert ansvar, som dog ikke omfatter den eller de personer, der har indsat link til denne side.<\/p>\n<p>Endvidere er Creditler ikke ansvarlig for kommentarer eller meddelelser publiceret af hjemmesidens brugere.<\/p>\n<h3>Ophavsret<\/h3>\n<p>Creditler agter ikke at bruge materialer, som er underlagt ophavsret, til publikationen eller, s\u00e5fremt det ikke er muligt, at indikere, hvis dette er tilf\u00e6ldet.<\/p>\n<p>Ophavsretten til udarbejdede materialer tilh\u00f8rer Creditler. Kopiering eller brug af objekter s\u00e5som billeder, diagrammer, lyd eller tekster i andre elektroniske eller trykte publikationer er ikke tilladt uden Creditler\u2019 forudg\u00e5ende samtykke.<\/p>\n<h3>Fortrolighedspolitik<\/h3>\n<p>S\u00e5fremt der afgives personlige eller forretningsm\u00e6ssige oplysninger (fx i forbindelse med en l\u00e5neans\u00f8gning), afgives s\u00e5danne oplysninger frivilligt.<\/p>\n<p>Brugere, som sender ikke-\u00f8nskede spammeddelelser, vil blive anmeldt.<\/p>\n<h3>Juridisk gyldighed af dette forbehold<\/h3>\n<p>Dette forbehold og ansvarsfraskrivelsen skal anses for at v\u00e6re en del af den internetpublikationen med det link, du er sendt videre fra. Hvis afsnit eller separate dele af denne tekst er ulovlige eller fejlagtige, p\u00e5virkes \u00f8vrige dele ikke af dette.<\/p>\n<p>Eventuelle l\u00e5ngivere og produktnavne, som er omtalt p\u00e5 denne hjemmeside, er varem\u00e6rker tilh\u00f8rende de respektive ejere.<\/p>\n<h3>Konfliktl\u00f8sning<\/h3>\n<p>Eventuelle konflikter som f\u00f8lge af denne hjemmeside eller ansvarsfraskrivelse eller eventuelle e-mails fra Creditler eller dennes medarbejdere skal, s\u00e5fremt konflikten ikke l\u00f8ses i mindelighed, afg\u00f8res ved en finsk domstol i henhold til finsk ret. V\u00e6rneting er s\u00e5ledes byretten i Helsinki.<\/p>\n","protected":false},"excerpt":{"rendered":"<p>Kun p\u00e5 din computer N\u00e5r du bes\u00f8ger Creditler hjemmeside, g\u00f8r du det anonymt. P\u00e5 vores hjemmeside kan du lave nemmere l\u00e5neberegninger, og beregningerne sker alene p\u00e5 din computer. Vi kan hverken se eller f\u00e5 adgang til dine beregninger. Cookies Vi indsamler ikke personlige oplysninger uden din viden. Vi anvender derimod s\u00e5kaldte cookies, som er sm\u00e5&hellip;<\/p>\n","protected":false},"author":1,"featured_media":0,"parent":0,"menu_order":0,"comment_status":"closed","ping_status":"closed","template":"","meta":{"footnotes":""},"acf":[],"_links":{"self":[{"href":"https:\/\/www.creditler.com\/dk\/wp-json\/wp\/v2\/pages\/27896"}],"collection":[{"href":"https:\/\/www.creditler.com\/dk\/wp-json\/wp\/v2\/pages"}],"about":[{"href":"https:\/\/www.creditler.com\/dk\/wp-json\/wp\/v2\/types\/page"}],"author":[{"embeddable":true,"href":"https:\/\/www.creditler.com\/dk\/wp-json\/wp\/v2\/users\/1"}],"replies":[{"embeddable":true,"href":"https:\/\/www.creditler.com\/dk\/wp-json\/wp\/v2\/comments?post=27896"}],"version-history":[{"count":1,"href":"https:\/\/www.creditler.com\/dk\/wp-json\/wp\/v2\/pages\/27896\/revisions"}],"predecessor-version":[{"id":27993,"href":"https:\/\/www.creditler.com\/dk\/wp-json\/wp\/v2\/pages\/27896\/revisions\/27993"}],"wp:attachment":[{"href":"https:\/\/www.creditler.com\/dk\/wp-json\/wp\/v2\/media?parent=27896"}],"curies":[{"name":"wp","href":"https:\/\/api.w.org\/{rel}","templated":true}]}}