{"id":27898,"date":"2021-04-20T07:34:53","date_gmt":"2021-04-20T07:34:53","guid":{"rendered":"http:\/\/www.creditler.com\/fi\/?page_id=27898"},"modified":"2021-05-03T08:44:44","modified_gmt":"2021-05-03T08:44:44","slug":"tak","status":"publish","type":"page","link":"https:\/\/www.creditler.com\/dk\/tak\/","title":{"rendered":"Tak"},"content":{"rendered":"\n<h3>\n\t\tHer er de bedste banker og l\u00e5netilbud til dig!\n\t<\/h3>\n\t<p>Sammenlign banker og l\u00e5netilbud, og v\u00e6lg den bedste mulighed for dig.<\/p>\n\t            <div class='lc_item'>\r\n                <div class='lc_image'>\r\n                    <a href=\"https:\/\/online.adservicemedia.dk\/cgi-bin\/click.pl?pid=22706&amp;feedItemId=2282&amp;media_id=91230\" target=\"_blank\" rel=\"noopener\">\r\n                        <img decoding=\"async\" src=\"https:\/\/img.ascontentcloud.com\/resources\/1614763147.png\" \/>\r\n                    <\/a>\r\n                <\/div>\r\n                <div>\r\n                    <table class='lc_table'>\r\n                        <tbody>\r\n                            <tr>\r\n                                <td>L\u00e5nebel\u00f8b<\/td>\r\n                                <td>10.000kr. - 500.000kr.<\/td>\r\n                            <\/tr>\r\n                            <tr>\r\n                                <td>L\u00e5neperiode<\/td>\r\n                                <td>12 - 144 M\u00e5neder<\/td>\r\n                            <\/tr>\r\n                            <tr>\r\n                                <td>Rentesats<\/td>\r\n                                <td>1.25 - 20.95%<\/td>\r\n                            <\/tr>\r\n                        <\/tbody>\r\n                    <\/table>\r\n                <\/div>\r\n                <div>\r\n                    <a href=\"https:\/\/online.adservicemedia.dk\/cgi-bin\/click.pl?pid=22706&amp;feedItemId=2282&amp;media_id=91230\" target=\"_blank\" class=\"lc_button\" rel=\"noopener\">Ans\u00f8k nu<\/a>\r\n                    \r\n                <\/div>\r\n                <div class='lc_loanexample'>*Beregningseksempel: Samlet kreditbel\u00f8b 100.000 kr. \u00c5OP 3,80 %. Variabel debitorrente 3,48 %. Etablering 1.000 kr. Samlet tilbagebetaling 111.690 kr. L\u00f8betid 5 \u00e5r. Rentesp\u00e6nd 1,25-20,95 %<\/div>\r\n            <\/div>            <div class='lc_item'>\r\n                <div class='lc_image'>\r\n                    <a href=\"https:\/\/track.adtraction.com\/t\/t?a=1576147446&amp;as=1529442994&amp;t=2&amp;tk=1\" target=\"_blank\" rel=\"noopener\">\r\n                        <img decoding=\"async\" src=\"https:\/\/www.samlino.dk\/s3\/denmark\/samlino.dk\/production\/dk\/images\/general\/xda-top-left-logo.png.pagespeed.ic.kEUDrCBc4I.png\" \/>\r\n                    <\/a>\r\n                <\/div>\r\n                <div>\r\n                    <table class='lc_table'>\r\n                        <tbody>\r\n                            <tr>\r\n                                <td>L\u00e5nebel\u00f8b<\/td>\r\n                                <td>10.000kr. - 500.000kr.<\/td>\r\n                            <\/tr>\r\n                            <tr>\r\n                                <td>L\u00e5neperiode<\/td>\r\n                                <td>12 - 180 M\u00e5neder<\/td>\r\n                            <\/tr>\r\n                            <tr>\r\n                                <td>Rentesats<\/td>\r\n                                <td>6 - 6%<\/td>\r\n                            <\/tr>\r\n                        <\/tbody>\r\n                    <\/table>\r\n                <\/div>\r\n                <div>\r\n                    <a href=\"https:\/\/track.adtraction.com\/t\/t?a=1576147446&amp;as=1529442994&amp;t=2&amp;tk=1\" target=\"_blank\" class=\"lc_button\" rel=\"noopener\">Ans\u00f8k nu<\/a>\r\n                    \r\n                <\/div>\r\n                <div class='lc_loanexample'>Beregningseksempel: L\u00e5nebel\u00f8b p\u00e5 500.000 kr. med en variabel rente p\u00e5 6,0 % og et oprettelsesgebyr p\u00e5 1.500 kr. (\u00c5OP p\u00e5 6,05 %). De totale kreditomkostninger er p\u00e5 263.250 kr. og det samlede bel\u00f8b der skal tilbagebetales er 763.250 kr.<\/div>\r\n            <\/div>            <div class='lc_item'>\r\n                <div class='lc_image'>\r\n                    <a href=\"https:\/\/online.adservicemedia.dk\/cgi-bin\/click.pl?pid=22706&amp;feedItemId=1826&amp;media_id=91230\" target=\"_blank\" rel=\"noopener\">\r\n                        <img decoding=\"async\" src=\"https:\/\/img.ascontentcloud.com\/resources\/1540904725.png\" \/>\r\n                    <\/a>\r\n                <\/div>\r\n                <div>\r\n                    <table class='lc_table'>\r\n                        <tbody>\r\n                            <tr>\r\n                                <td>L\u00e5nebel\u00f8b<\/td>\r\n                                <td>10.000kr. - 500.000kr.<\/td>\r\n                            <\/tr>\r\n                            <tr>\r\n                                <td>L\u00e5neperiode<\/td>\r\n                                <td>12 - 144 M\u00e5neder<\/td>\r\n                            <\/tr>\r\n                            <tr>\r\n                                <td>Rentesats<\/td>\r\n                                <td>3.55 - 19.95%<\/td>\r\n                            <\/tr>\r\n                        <\/tbody>\r\n                    <\/table>\r\n                <\/div>\r\n                <div>\r\n                    <a href=\"https:\/\/online.adservicemedia.dk\/cgi-bin\/click.pl?pid=22706&amp;feedItemId=1826&amp;media_id=91230\" target=\"_blank\" class=\"lc_button\" rel=\"noopener\">Ans\u00f8k nu<\/a>\r\n                    \r\n                <\/div>\r\n                <div class='lc_loanexample'>Priseksempel: Ved samlet kreditbel\u00f8b p\u00e5 125.000 kr. over 10 \u00e5r, tilbagebetales via Betalingsservice. Mdl. ydelse: 1.282 \u2013 2.394 kr. Variabel Debitorrente: 3,55 - 19,95 %. \u00c5OP: 4,36 \u2013 21,62 %. Saml. kreditomk.: 28.821 \u2013 162.268 kr. Saml. tilbagebet.: 153.821 - 287.268 kr. Stiftelsesomk.: 1.250 \u2013 4.500 kr. Mdl. gebyr: 33-34 kr. Fortrydelsesret: 14 dage. L\u00f8betid 12-144 mdr.<\/div>\r\n            <\/div>            <div class='lc_item'>\r\n                <div class='lc_image'>\r\n                    <a href=\"https:\/\/online.adservicemedia.dk\/cgi-bin\/click.pl?pid=22706&amp;feedItemId=3407&amp;media_id=91230\" target=\"_blank\" rel=\"noopener\">\r\n                        <img decoding=\"async\" src=\"https:\/\/img.ascontentcloud.com\/resources\/1611044338.png\" \/>\r\n                    <\/a>\r\n                <\/div>\r\n                <div>\r\n                    <table class='lc_table'>\r\n                        <tbody>\r\n                            <tr>\r\n                                <td>L\u00e5nebel\u00f8b<\/td>\r\n                                <td>3.000kr. - 500.000kr.<\/td>\r\n                            <\/tr>\r\n                            <tr>\r\n                                <td>L\u00e5neperiode<\/td>\r\n                                <td>12 - 180 M\u00e5neder<\/td>\r\n                            <\/tr>\r\n                            <tr>\r\n                                <td>Rentesats<\/td>\r\n                                <td>2.95 - 24.99%<\/td>\r\n                            <\/tr>\r\n                        <\/tbody>\r\n                    <\/table>\r\n                <\/div>\r\n                <div>\r\n                    <a href=\"https:\/\/online.adservicemedia.dk\/cgi-bin\/click.pl?pid=22706&amp;feedItemId=3407&amp;media_id=91230\" target=\"_blank\" class=\"lc_button\" rel=\"noopener\">Ans\u00f8k nu<\/a>\r\n                    \r\n                <\/div>\r\n                <div class='lc_loanexample'>Beregningseksempel: L\u00e5nebel\u00f8b p\u00e5 150.000 kr. med 12 \u00e5rs tilbagebetalingstid, nominel rente p\u00e5 6,7 % og \u00e5bningsgebyr 3.000 kr. har \u00c5OP 7,19 % og et samlet tilbagebetalingsbel\u00f8b p\u00e5 221.691 kr. Tilbudt tilbagebetalingstid 1-15 \u00e5r, hvor renten varierer mellem 2,95-24,99 %<\/div>\r\n            <\/div>            <div class='lc_item'>\r\n                <div class='lc_image'>\r\n                    <a href=\"https:\/\/online.adservicemedia.dk\/cgi-bin\/click.pl?pid=22706&amp;feedItemId=2857&amp;media_id=91230\" target=\"_blank\" rel=\"noopener\">\r\n                        <img decoding=\"async\" src=\"https:\/\/img.ascontentcloud.com\/resources\/1580823724.png\" \/>\r\n                    <\/a>\r\n                <\/div>\r\n                <div>\r\n                    <table class='lc_table'>\r\n                        <tbody>\r\n                            <tr>\r\n                                <td>L\u00e5nebel\u00f8b<\/td>\r\n                                <td>20.000kr. - 500.000kr.<\/td>\r\n                            <\/tr>\r\n                            <tr>\r\n                                <td>L\u00e5neperiode<\/td>\r\n                                <td>12 - 144 M\u00e5neder<\/td>\r\n                            <\/tr>\r\n                            <tr>\r\n                                <td>Rentesats<\/td>\r\n                                <td>2.95 - 29.95%<\/td>\r\n                            <\/tr>\r\n                        <\/tbody>\r\n                    <\/table>\r\n                <\/div>\r\n                <div>\r\n                    <a href=\"https:\/\/online.adservicemedia.dk\/cgi-bin\/click.pl?pid=22706&amp;feedItemId=2857&amp;media_id=91230\" target=\"_blank\" class=\"lc_button\" rel=\"noopener\">Ans\u00f8k nu<\/a>\r\n                    \r\n                <\/div>\r\n                <div class='lc_loanexample'>REPR\u00c6SENTATIVT EKSEMPEL: Ved et samlet kreditbel\u00f8b p\u00e5 250.000 over 108 m\u00e5neder, der overf\u00f8res til en pengeinstitutkonto og tilbagebetaling via BS. M\u00e5nedlig ydelse: 2.761,7 - 4.156,78 kr. Debitorrente: 3,55 - 14,92% (variabel i l\u00e5nets l\u00f8betid). \u00c5OP: 4,09 - 15,5%. Samlet tilbagebetaling: 298.264 - 448.932 kr. Samlede kreditomk.: 48.264 - 198.932 kr. Stiftelsesomk: 3.750 kr. mdl.<\/div>\r\n            <\/div>            <div class='lc_item'>\r\n                <div class='lc_image'>\r\n                    <a href=\"https:\/\/online.adservicemedia.dk\/cgi-bin\/click.pl?pid=22706&amp;feedItemId=1714&amp;media_id=91230\" target=\"_blank\" rel=\"noopener\">\r\n                        <img decoding=\"async\" src=\"https:\/\/img.ascontentcloud.com\/resources\/1559545047.png\" \/>\r\n                    <\/a>\r\n                <\/div>\r\n                <div>\r\n                    <table class='lc_table'>\r\n                        <tbody>\r\n                            <tr>\r\n                                <td>L\u00e5nebel\u00f8b<\/td>\r\n                                <td>10.000kr. - 500.000kr.<\/td>\r\n                            <\/tr>\r\n                            <tr>\r\n                                <td>L\u00e5neperiode<\/td>\r\n                                <td>12 - 180 M\u00e5neder<\/td>\r\n                            <\/tr>\r\n                            <tr>\r\n                                <td>Rentesats<\/td>\r\n                                <td>3.6 - 21.69%<\/td>\r\n                            <\/tr>\r\n                        <\/tbody>\r\n                    <\/table>\r\n                <\/div>\r\n                <div>\r\n                    <a href=\"https:\/\/online.adservicemedia.dk\/cgi-bin\/click.pl?pid=22706&amp;feedItemId=1714&amp;media_id=91230\" target=\"_blank\" class=\"lc_button\" rel=\"noopener\">Ans\u00f8k nu<\/a>\r\n                    \r\n                <\/div>\r\n                <div class='lc_loanexample'>Eksempel: ved 7% deb. rente. Priseks.: Samlet kreditbel\u00f8b 500.000 kr. Var. deb. rente 3,60 - 20,95%. \u00c5OP 4,02 - 21,69%. Etb. omk. 15.000 kr. Samlet tilbagebetalingsbel\u00f8b 675.503 - 1.000.000 kr.<\/div>\r\n            <\/div>            <div class='lc_item'>\r\n                <div class='lc_image'>\r\n                    <a href=\"https:\/\/online.adservicemedia.dk\/cgi-bin\/click.pl?pid=22706&amp;feedItemId=3504&amp;media_id=91230\" target=\"_blank\" rel=\"noopener\">\r\n                        <img decoding=\"async\" src=\"https:\/\/img.ascontentcloud.com\/resources\/1613641928.png\" \/>\r\n                    <\/a>\r\n                <\/div>\r\n                <div>\r\n                    <table class='lc_table'>\r\n                        <tbody>\r\n                            <tr>\r\n                                <td>L\u00e5nebel\u00f8b<\/td>\r\n                                <td>10.000kr. - 500.000kr.<\/td>\r\n                            <\/tr>\r\n                            <tr>\r\n                                <td>L\u00e5neperiode<\/td>\r\n                                <td>12 - 144 M\u00e5neder<\/td>\r\n                            <\/tr>\r\n                            <tr>\r\n                                <td>Rentesats<\/td>\r\n                                <td>7 - 7%<\/td>\r\n                            <\/tr>\r\n                        <\/tbody>\r\n                    <\/table>\r\n                <\/div>\r\n                <div>\r\n                    <a href=\"https:\/\/online.adservicemedia.dk\/cgi-bin\/click.pl?pid=22706&amp;feedItemId=3504&amp;media_id=91230\" target=\"_blank\" class=\"lc_button\" rel=\"noopener\">Ans\u00f8k nu<\/a>\r\n                    \r\n                <\/div>\r\n                <div class='lc_loanexample'>Priseksempel: Samlet kreditbel\u00f8b 100.000 kr. - L\u00f8betid 120 mdr. - Variabel debitorrente 7% - \u00c5OP 7.24% - Etb. omk. 1.000 kr - Samlet tilbagebetaling: 140.190 kr - Samlede kreditomkostninger: 40.190 kr - 14 dages fortrydelsesret<\/div>\r\n            <\/div>\n\n","protected":false},"excerpt":{"rendered":"<p>Her er de bedste banker og l\u00e5netilbud til dig! Sammenlign banker og l\u00e5netilbud, og v\u00e6lg den bedste mulighed for dig.<\/p>\n","protected":false},"author":1,"featured_media":0,"parent":0,"menu_order":0,"comment_status":"closed","ping_status":"closed","template":"","meta":{"footnotes":""},"acf":[],"_links":{"self":[{"href":"https:\/\/www.creditler.com\/dk\/wp-json\/wp\/v2\/pages\/27898"}],"collection":[{"href":"https:\/\/www.creditler.com\/dk\/wp-json\/wp\/v2\/pages"}],"about":[{"href":"https:\/\/www.creditler.com\/dk\/wp-json\/wp\/v2\/types\/page"}],"author":[{"embeddable":true,"href":"https:\/\/www.creditler.com\/dk\/wp-json\/wp\/v2\/users\/1"}],"replies":[{"embeddable":true,"href":"https:\/\/www.creditler.com\/dk\/wp-json\/wp\/v2\/comments?post=27898"}],"version-history":[{"count":4,"href":"https:\/\/www.creditler.com\/dk\/wp-json\/wp\/v2\/pages\/27898\/revisions"}],"predecessor-version":[{"id":28019,"href":"https:\/\/www.creditler.com\/dk\/wp-json\/wp\/v2\/pages\/27898\/revisions\/28019"}],"wp:attachment":[{"href":"https:\/\/www.creditler.com\/dk\/wp-json\/wp\/v2\/media?parent=27898"}],"curies":[{"name":"wp","href":"https:\/\/api.w.org\/{rel}","templated":true}]}}