{"id":27995,"date":"2021-04-23T09:53:09","date_gmt":"2021-04-23T09:53:09","guid":{"rendered":"http:\/\/www.creditler.com\/dk\/?page_id=27995"},"modified":"2021-04-23T09:53:09","modified_gmt":"2021-04-23T09:53:09","slug":"integritetspolitik","status":"publish","type":"page","link":"https:\/\/www.creditler.com\/dk\/integritetspolitik\/","title":{"rendered":"Integritetspolitik"},"content":{"rendered":"<p>Creditler er en webbtjeneste ejet og administreret af Lead Group Oy. Lead Group Oy forpligter sig til at beskytte brugernes personlige oplysninger p\u00e5 vores webside www.creditler.com\/dk\/ i overensstemmelse med EUs General Data Procetion Regulation og anden g\u00e6ldende lovgivning.<br \/>\nForm\u00e5let med denne integritetspolitik (\u201cintegritetspolitik\u201d) er at beskrive, hvilken type oplysninger vi normalt indsamler fra brugerne af vores hjemmeside (\u201cbruger\u201d, \u201cdu\u201d), hvordan vi bruger disse oplysninger, og i hvilket omfang vi videregiver dem til tredjepart. I integritetspolitikken beskriver vi ogs\u00e5 vores retningslinjer for cookies og tredjepartshjemmesider. L\u00e6s integritetspolitikken omhyggeligt. N\u00e5r du bruger hjemmesiden, accepterer du samtidig, at vi behandler dine personoplysninger i overensstemmelse med integritetspolitikken.<br \/>\nDu finder registerbeskrivelsen for vores virksomhed her:\u00a0<a href=\"https:\/\/www.creditler.com\/dk\/registerbeskrivelse\/\">Registerbeskrivelse<\/a><\/p>\n<h3><strong>1. De oplysninger, vi indsamler, og regelm\u00e6ssige informationskilder<\/strong><\/h3>\n<p>Vi indsamler personoplysninger om brugerne via deres brug af hjemmesiden, fx i forbindelse med registreringen, som brugerne udfylder via hjemmesiden, n\u00e5r kundeservice kontaktes samt direkte fra brugerne p\u00e5 anden vis. Ved hj\u00e6lp af cookies og andre teknikker, som er beskrevet nedenfor, kan vi desuden indsamle oplysninger om, hvordan brugerne anvender hjemmesiden og vores tjenester.<br \/>\nDe personoplysninger, som vi indsamler om brugerne i forbindelse med deres brug af hjemmesiden, er vigtige i forhold til form\u00e5let med behandlingen af personoplysningerne. Vi kan eksempelvis indsamle f\u00f8lgende oplysninger:<\/p>\n<ul>\n<li>Kontaktoplysninger s\u00e5som navn, adresse, leveringsadresse (hvis en anden end postadressen), telefonnummer og e-mailadresse<\/li>\n<li>Registreringsoplysninger s\u00e5som brugernavn, adgangskode eller et andet eventuelt id<\/li>\n<li>F\u00f8dselsdato, k\u00f8n<\/li>\n<li>Profilerings- og interesseoplysninger, som brugeren har afgivet<\/li>\n<li>Oplysninger vedr\u00f8rende brugen af hjemmesiden og vores tjenester samt brugernes kunderelation, fx oplysninger om betalingsforpligtelse, kreditkort- eller kontooplysninger, oplysninger om kundefeedback og ordrer<\/li>\n<li>Oplysninger om samtykke eller fravalg af direkte markedsf\u00f8ring<\/li>\n<li>Eventuelle andre oplysninger, som er indsamlet med brugernes samtykke<\/li>\n<\/ul>\n<p>Hvis du anvender en tjeneste, som administreres af tredjepart uden for hjemmesiden, til at registrere dig og\/eller logge p\u00e5 hjemmesiden, kan tilg\u00e6ngelige personoplysninger indsamles fra den eksterne tjeneste i overensstemmelse med brugervilk\u00e5rene og integritetspolitikken for den aktuelle tjeneste (fx brugernavn og e-mailadresse).<\/p>\n<h3><strong>2. Personoplysninger<\/strong><\/h3>\n<p>N\u00e5r du registrerer dig p\u00e5 vores hjemmesider, beder vi dig om at angive dine person- og indkomstoplysninger samt andre vigtige oplysninger, som skal bruges for at kunne behandle l\u00e5net. Vi deler de oplysninger, vi modtager, med vores kreditorer. For flere oplysninger henviser vi til punktet om behandling af personoplysninger.<\/p>\n<p>Vi kan ogs\u00e5 behandle dine personoplysninger til f\u00f8lgende form\u00e5l:<\/p>\n<ul>\n<li>Kommunikation i forbindelse med hjemmesiden og vores tjenester og administration af kunderelationen<\/li>\n<li>Produktion, klarg\u00f8ring, udvikling, forbedring og beskyttelse af hjemmesiden og vores tjenester<\/li>\n<li>Tilpasning af hjemmesiden til brugeren samt m\u00e5lretning af reklamer<\/li>\n<li>Analyse og statistik for hjemmesiden<\/li>\n<li>Markedsunders\u00f8gelser og elektronisk direkte markedsf\u00f8ring i henhold til persondataloven og lov om databeskyttelse inden for elektronisk kommunikation<\/li>\n<li>Forebyggelse og unders\u00f8gelser af misbrug<\/li>\n<li>Beskyttelse af rettigheder og\/eller ejendomsrettigheder i forbindelse med hjemmesiden<\/li>\n<li>Andre tilsvarende anvendelsesomr\u00e5der<\/li>\n<\/ul>\n<h3><strong>3. Cookies<\/strong><\/h3>\n<h4>Hjemmesiden bruger cookies<\/h4>\n<p>Vi indsamler oplysninger fra brugernes enheder ved hj\u00e6lp af cookies og andre tilsvarende teknikker.<br \/>\nEn cookie er som regel en lille tekstfil, som din browser gemmer p\u00e5 din enhed med det form\u00e5l at identificere og genkende dig. Ved hj\u00e6lp af cookies kan vi identificere din browser og anvende de oplysninger, vi f\u00e5r, eksempelvis til at t\u00e6lle antallet af bes\u00f8gende p\u00e5 vores sider og analysere brugen til bl.a. statistikform\u00e5l. Det g\u00f8r vi for at udvikle vores tjenester og for l\u00f8bende at forbedre brugervenligheden.<br \/>\nVed hj\u00e6lp af cookies kan man bl.a. indsamle oplysninger om:<\/p>\n<ul>\n<li>brugernes ip-adresse<\/li>\n<li>klokkesl\u00e6t<\/li>\n<li>bes\u00f8gte sider, herunder hvor l\u00e6nge bes\u00f8get har varet<\/li>\n<li>browsertype, enhedens operativsystem<\/li>\n<li>hvilken internetadresse, brugeren er kommet til hjemmesiden fra, og hvilken internetadresse brugeren forts\u00e6tter til efter at have bes\u00f8gt hjemmesiden<\/li>\n<li>hvilke browsere og hvilket dom\u00e6nenavn, brugeren er kommet til hjemmesiden fra<\/li>\n<\/ul>\n<p>Hjemmesiden kan ogs\u00e5 indeholde tredjepartscookies, fx m\u00e5lings- og opf\u00f8lgningstjenester. Tredjepart kan installere cookies p\u00e5 din enhed, n\u00e5r du bes\u00f8ger vores hjemmeside.<\/p>\n<h4>Tredjepartscookies<\/h4>\n<p>Ud over de cookies, som anvendes p\u00e5 vores hjemmeside, bruger vi ogs\u00e5 cookies til at m\u00e5lrette vores egen markedsf\u00f8ring p\u00e5 tredjepartshjemmesider. Vi samarbejder med virksomheder, der er specialiserede i teknikker til online markedsf\u00f8ring. De oplysninger, der indsamles via disse samarbejdspartneres cookies og andre teknikker, kan vi bruge til at m\u00e5lrette reklamer baseret p\u00e5 tidligere adf\u00e6rd p\u00e5 nettet og andre faktorer til de netbrugere, som vurderes at v\u00e6re mest interesseret i vores reklamer. Vi kan ogs\u00e5 anvende oplysninger om adf\u00e6rd p\u00e5 nettet, som er indsamlet fra eksterne hjemmesider, til at m\u00e5lrette reklamerne.<br \/>\nVi og vores samarbejdspartnere kan desuden indsamle oplysninger om effektiviteten af vores reklameindsats. Til det form\u00e5l kan vi eksempelvis indsamle f\u00f8lgende oplysninger:<\/p>\n<ul>\n<li>Oplysninger om, hvor mange gange en bestemt reklame er blevet vist i browseren<\/li>\n<li>Oplysninger om, hvorvidt reklamen er blevet \u00e5bnet<\/li>\n<li>Oplysninger om, hvorvidt reklamen f\u00f8rte til k\u00f8b af et produkt i webshoppen<\/li>\n<\/ul>\n<h4>Blokering af cookies og m\u00e5lrettede reklamer<\/h4>\n<p>Du kan selv bestemme, i hvilken udstr\u00e6kning du \u00f8nsker at give tilladelse til brug af cookies og m\u00e5lrettede reklamer.<br \/>\nDu kan blokere brugen af cookies ved at \u00e6ndre indstillingerne i din browser. V\u00e6r opm\u00e6rksom p\u00e5, at du muligvis ikke vil kunne bruge visse funktioner p\u00e5 hjemmesiden, hvis du blokerer cookies.<br \/>\nHvis du ikke \u00f8nsker at modtage m\u00e5lrettede reklamer baseret p\u00e5 dine interesseomr\u00e5der, kan du blokere de m\u00e5lrettede reklamer via nedenst\u00e5ende link. N\u00e5r du har blokeret de m\u00e5lrettede reklamer, vises lige s\u00e5 mange reklamer som f\u00f8r, dog uden at v\u00e6re baseret p\u00e5 dine interesseomr\u00e5der.<br \/>\nDu kan blokere m\u00e5lrettede reklamer her: http:\/\/www.youronlinechoices.com\/den\/dine-valg<\/p>\n<h3><strong>4. Regelm\u00e6ssig videregivelse af oplysninger<\/strong><\/h3>\n<p>Vi kan videregive dine personoplysninger til legitime form\u00e5l i overensstemmelse med g\u00e6ldende persondatalovgivning.<br \/>\na) De oplysninger, du deler via hjemmesiden, kan videregives til parter inden for f\u00f8lgende kategorier:<\/p>\n<ul>\n<li>Tjenesteleverand\u00f8rer, som er involveret i udviklingen af vores hjemmeside og vores tjenester, fx betalingstjenester<\/li>\n<li>Vores samarbejdspartner i forbindelse med reklamer, medmindre du har frabedt dig dette<\/li>\n<li>Myndigheder, i de tilf\u00e6lde hvor dette er p\u00e5kr\u00e6vet i henhold til lov eller vores eller tredjeparts interesse<\/li>\n<li>Vores datterselskab og associerede selskaber eller andre virksomheder inden for samme koncern eller virksomheder, der indg\u00e5r i et \u00f8konomisk f\u00e6llesskab, eller hjemmesidens nye ejere eller partnere eller ud\u00f8vere og deres r\u00e5dgivere i forbindelse med et virksomhedsanliggende eller en omstrukturering<\/li>\n<\/ul>\n<p>b) Oplysninger, som indsamles via automatisk databehandling, kan videregives til parter inden for f\u00f8lgende kategorier:<\/p>\n<ul>\n<li>Tjenesteleverand\u00f8rer, fx virksomheder specialiseret i dataanalyse og online reklamer<\/li>\n<li>Myndighederne, i de tilf\u00e6lde hvor dette er p\u00e5kr\u00e6vet i henhold til lov eller vores eller tredjeparts interesse<\/li>\n<li>Vores datterselskab og associerede selskaber eller andre virksomheder inden for samme koncern eller virksomheder, der indg\u00e5r i et \u00f8konomisk f\u00e6llesskab, eller hjemmesidens nye ejere eller partnere eller ud\u00f8vere og deres r\u00e5dgivere i forbindelse med et virksomhedsanliggende eller en omstrukturering<\/li>\n<\/ul>\n<p>Oplysningerne kan endvidere videregives til tredjepart i en form, som g\u00f8r, at nogle brugere ikke kan identificeres, i hvilket tilf\u00e6lde der ikke er tale om personoplysninger.<\/p>\n<p>Tjenesteleverand\u00f8rer vi bruker inkluderer:<\/p>\n<ul>\n<li>Google\u00a0<a href=\"https:\/\/myactivity.google.com\/\" target=\"_blank\" rel=\"noopener\">(Administrer dine data her)<\/a><\/li>\n<li>Facebook\u00a0<a href=\"https:\/\/www.facebook.com\/privacy\/explanation\" target=\"_blank\" rel=\"noopener\">(Administrer dine data her)<\/a><\/li>\n<\/ul>\n<h3><strong>5. Links til tredjepartshjemmesider<\/strong><\/h3>\n<p>Vores hjemmeside kan indehold links til hjemmesider, som administreres af tredjepart. Vi p\u00e5tager os intet ansvar for indholdet eller integritetspolitikkerne p\u00e5 disse tredjepartshjemmesider. Vi anbefaler, at du s\u00e6tter dig n\u00f8je ind i vilk\u00e5rene for integritetsbeskyttelse p\u00e5 vores hjemmesider.<\/p>\n<h3><strong>6. Principper for beskyttelse af personoplysninger<\/strong><\/h3>\n<p>Vi anvender passende tekniske og organisatoriske databeskyttelsesforanstaltninger for at beskytte personoplysninger mod uautoriseret adgang samt h\u00e6ndeligt eller ulovligt tab, \u00e6ndring, videregivelse, overf\u00f8rsel eller anden ulovlig behandling.<\/p>\n<h3><strong>7. Dine rettigheder og p\u00e5virkningsmuligheder<\/strong><\/h3>\n<p>Du har ret til at kontrollere de oplysninger, vi har registreret om dig i vores registre, herunder forlange, at fejlbeh\u00e6ftede oplysninger rettes, frav\u00e6lge behandling af dine personoplysninger i forbindelse med direkte markedsf\u00f8ring samt i \u00f8vrigt g\u00f8re brug af dine rettigheder i henhold til persondataloven.<\/p>\n<p>S\u00e5fremt du anmoder derom, retter, fjerner eller supplerer vi de personoplysninger, som er beh\u00e6ftet med fejl, un\u00f8dvendige, mangelfulde eller for\u00e6ldede i forhold til form\u00e5let med behandlingen. Du kan g\u00f8re brug af ovenn\u00e6vnte rettigheder ved at kontakte vores kundeservice p\u00e5 adressen dk@www.creditler.com. N\u00e5r du g\u00f8r brug af din ret til indsigt, er vi berettigede til at opkr\u00e6ve passende kompensation for at tr\u00e6kke s\u00e5danne data ud, hvis der er g\u00e5et mindre end et \u00e5r, siden du sidst fik oplysninger fra registret.<\/p>\n<h3><strong>8. \u00c6ndringer i integritetspolitikken<\/strong><\/h3>\n<p>Vi forbeholder os ret til at \u00e6ndre denne integritetspolitik uden forudg\u00e5ende varsel p\u00e5 hjemmesiden. Vi anbefaler, at du l\u00e6ser integritetspolitikken med j\u00e6vne mellemrum.<\/p>\n<h3><strong>9. Kontaktoplysninger<\/strong><\/h3>\n<p>Den registeransvarlige for de personoplysninger, vi indsamler, er Lead Group Oy<br \/>\nHvis du har sp\u00f8rgsm\u00e5l til denne integritetspolitik, kan du kontakte vores kontaktperson:<\/p>\n<p>Customer Service<br \/>\nE-mail: dk@www.creditler.com<br \/>\nAdresse: Lead Group Oy, PL 10, 90501 Oulu, Finland<\/p>\n","protected":false},"excerpt":{"rendered":"<p>Creditler er en webbtjeneste ejet og administreret af Lead Group Oy. Lead Group Oy forpligter sig til at beskytte brugernes personlige oplysninger p\u00e5 vores webside www.creditler.com\/dk\/ i overensstemmelse med EUs General Data Procetion Regulation og anden g\u00e6ldende lovgivning. Form\u00e5let med denne integritetspolitik (\u201cintegritetspolitik\u201d) er at beskrive, hvilken type oplysninger vi normalt indsamler fra brugerne af&hellip;<\/p>\n","protected":false},"author":1,"featured_media":0,"parent":0,"menu_order":0,"comment_status":"closed","ping_status":"closed","template":"","meta":{"footnotes":""},"acf":[],"_links":{"self":[{"href":"https:\/\/www.creditler.com\/dk\/wp-json\/wp\/v2\/pages\/27995"}],"collection":[{"href":"https:\/\/www.creditler.com\/dk\/wp-json\/wp\/v2\/pages"}],"about":[{"href":"https:\/\/www.creditler.com\/dk\/wp-json\/wp\/v2\/types\/page"}],"author":[{"embeddable":true,"href":"https:\/\/www.creditler.com\/dk\/wp-json\/wp\/v2\/users\/1"}],"replies":[{"embeddable":true,"href":"https:\/\/www.creditler.com\/dk\/wp-json\/wp\/v2\/comments?post=27995"}],"version-history":[{"count":1,"href":"https:\/\/www.creditler.com\/dk\/wp-json\/wp\/v2\/pages\/27995\/revisions"}],"predecessor-version":[{"id":27996,"href":"https:\/\/www.creditler.com\/dk\/wp-json\/wp\/v2\/pages\/27995\/revisions\/27996"}],"wp:attachment":[{"href":"https:\/\/www.creditler.com\/dk\/wp-json\/wp\/v2\/media?parent=27995"}],"curies":[{"name":"wp","href":"https:\/\/api.w.org\/{rel}","templated":true}]}}