{"id":27998,"date":"2021-04-23T09:55:14","date_gmt":"2021-04-23T09:55:14","guid":{"rendered":"http:\/\/www.creditler.com\/dk\/?page_id=27998"},"modified":"2021-04-23T09:55:14","modified_gmt":"2021-04-23T09:55:14","slug":"almindelige-vilkar","status":"publish","type":"page","link":"https:\/\/www.creditler.com\/dk\/almindelige-vilkar\/","title":{"rendered":"Almindelige vilk\u00e5r"},"content":{"rendered":"<h2>Almindelige vilk\u00e5r<\/h2>\n<p>Creditler er en webtjeneste, hvor du kan sammenligne kreditter og l\u00e5n p\u00e5 det danske marked. Vi hj\u00e6lper dig ogs\u00e5 med at finde et l\u00e5n ved at sammenligne forskellige banker og dele nyttige \u00f8konomitip.<\/p>\n<p>N\u00e5r du anvender Creditler-tjenesten, giver du Lead Group Oy adgang til oplysninger om dig. Lead Group Oy ejer og administrerer webtjenesten www.creditler.com\/dk. Form\u00e5let med denne politik er at forklare, hvilke oplysninger vi indsamler, hvordan vi g\u00f8r det, og hvad vi bruger dem til.<\/p>\n<h2>Hvad er personoplysninger?<\/h2>\n<p>Personoplysninger er oplysninger, som kan kobles direkte til dig, fx navn, bop\u00e6l, telefonnummer og e-mailadresse. Oplysninger om, hvordan du bruger Creditler-tjenesten, fx hvilke annoncer du har set, betragtes ogs\u00e5 som personoplysninger.<\/p>\n<h2>Hvordan reguleres behandlingen af personoplysninger?<\/h2>\n<p>Lead Group Oy er ansvarlig for behandlingen af alle personoplysninger, som indsamles via Creditler. Oplysningerne opbevares enten i vores database eller p\u00e5 den enhed, du anvender (telefon, b\u00e6rbar pc e.l.). Vi garanterer, at alle personoplysninger behandles i overensstemmelse med persondataloven.<\/p>\n<h2>Hvilke oplysninger indsamler vi om dig?<\/h2>\n<p>1) Kun de oplysninger, du selv afgiver<\/p>\n<p>N\u00e5r du registrerer dig som bruger af Creditler, afgiver du visse oplysninger om dig selv, som vi gemmer. Det samme g\u00e6lder, n\u00e5r du udfylder formularer p\u00e5 startsiden eller andre websider.<\/p>\n<p>2) Oplysninger om, hvordan du bes\u00f8ger Creditler-siden<\/p>\n<p>N\u00e5r du bes\u00f8ger nogen af vores hjemmesider, indsamler vi oplysninger om den teknik, du anvender, fx om du logger p\u00e5 via en b\u00e6rbar pc, tablet eller smartphone samt hvilken browser og netv\u00e6rksoperat\u00f8r, du anvender.<\/p>\n<p>3) Oplysninger om, hvad du foretager dig p\u00e5 siden<\/p>\n<p>N\u00e5r du bes\u00f8ger vores hjemmeside, f\u00e5r vi oplysninger om din adf\u00e6rd. Vi kan bl.a. f\u00e5 oplysninger om, hvilke sider du bes\u00f8ger, hvilke annoncer du klikker p\u00e5, og hvilke reklamer vi har vist for dig.<\/p>\n<p>4) Oplysninger, der er p\u00e5kr\u00e6vet for at f\u00e5 et l\u00e5netilbud<\/p>\n<p>De oplysninger, du angiver i l\u00e5neans\u00f8gningen, gemmes i vores database.<\/p>\n<h2>Den person, der har ansvaret for behandling af personoplysninger<\/h2>\n<p>Lead Group Oy\u2019s ledelse har ansvaret for behandling af personoplysninger i forbindelse med virksomhedens aktiviteter. Ansvaret omfatter opf\u00f8lgning p\u00e5 de databeskyttelsesprincipper, som virksomheden f\u00f8lger.<\/p>\n<h2>Hvad betyder registrering?<\/h2>\n<p>Registrering i Creditler giver dig mange fordele. N\u00e5r du registrere dig her, f\u00e5r du vigtige oplysninger via e-mail, sms eller telefon:<\/p>\n<ul>\n<li>om, hvordan du \u00f8ger dine muligheder for at f\u00e5 et l\u00e5n<\/li>\n<li>gode tip til, hvordan du f\u00e5r succes med din hverdags\u00f8konomi<\/li>\n<li>om hvilke banker, der tilbyder de bedste refinansierings- og l\u00e5nemuligheder<\/li>\n<li>nyheder om finanssektoren<\/li>\n<\/ul>\n<p>Du f\u00e5r som udgangspunkt nyheder fra os et par gange om ugen. Du kan frabede dig at modtage nyheder ved at klikke p\u00e5 linket nederst i e-mailen.<\/p>\n<h2>Hvorfor indsamler vi personoplysninger?<\/h2>\n<p>Vi indsamler personoplysninger for at kunne tilbyde dig de bedste mulige l\u00f8sninger og de bedste l\u00e5netilbud blandt vores samarbejdspartnere. Ved hj\u00e6lp af dine kontaktoplysninger holder vi dig opdateret om de bedste tilbud.<\/p>\n<h2>Hvad anvendes oplysningerne til?<\/h2>\n<p>Vi bestr\u00e6ber os p\u00e5 at tilbyde alle Creditler-brugere en skr\u00e6ddersyet brugeroplevelse.<\/p>\n<p>Vi anvender personoplysninger for at kunne:<\/p>\n<p>1) tilbyde dig lige pr\u00e6cis den tjeneste, du forventer dig af os<\/p>\n<p>Vi skal fx bruge din e-mailadresse og dit mobilnummer, for at l\u00e5ngiverne kan komme i kontakt med dig og tilbyde dig l\u00e5n p\u00e5 baggrund af din ans\u00f8gning.<\/p>\n<p>2) Forst\u00e5 markedets behov og trends<\/p>\n<p>Vi analyserer oplysningerne og bruger p\u00e5 den m\u00e5de de oplysninger, vi f\u00e5r, til videreudvikling af tjenesten. Vi kan fx give dig mere detaljerede r\u00e5d, om hvordan du \u00f8ger dine chancer for at f\u00e5 l\u00e5n eller give dig tilbud, som er mere tilpasset dine behov.<\/p>\n<p>3) Undg\u00e5 u\u00f8nsket eller ulovlig virksomhed<\/p>\n<p>Noget af det, vi l\u00e6gger st\u00f8rst v\u00e6gt p\u00e5, er at sikre, at Creditler er et trygt sted at ans\u00f8ge om l\u00e5n. Derfor g\u00f8r vi alt, hvad vi kan for at undg\u00e5 u\u00f8nsket eller ulovlig virksomhed. Cookies samt data om annonce- og meddelelseshistorik er et vigtigt v\u00e6rkt\u00f8j for at kunne identificere misbrug og fors\u00f8g p\u00e5 bedrageri. En tjeneste- eller informationssikkerhedsgruppe f\u00f8lger n\u00f8je op p\u00e5 eventuel mistanke om misbrug.<\/p>\n<p>4) Informere dig om de bedste l\u00e5netilbud via e-mail, sms og telefon<\/p>\n<p>Vi informerer dig j\u00e6vnligt via e-mail, sms og telefon om l\u00e5nemuligheder, vi finder, og som vi mener passer til dig.<\/p>\n<h2>Deles oplysningerne med andre?<\/h2>\n<p>Tredjepart kan bruge dine personoplysninger til analyseform\u00e5l. Tredjepart, som kommer i besiddelse af oplysningerne, er forpligtet til at f\u00f8lge vores principper for behandling af personoplysninger. S\u00e5fremt der opst\u00e5r mistanke om brud p\u00e5 datasikkerheden, kan dine oplysninger blive videregivet til myndighederne. De kan ogs\u00e5 videregives, hvis der er mistanke om, at bedrageriet vil forts\u00e6tte, eller hvis de kan bruges med henblik p\u00e5 at bil\u00e6gge en tvist.<\/p>\n<p>I visse tilf\u00e6lde videregiver vi desuden personoplysninger til virksomheder, som vi samarbejder med i forbindelse med CRM-tjenester eller e-mail- og sms-markedsf\u00f8ring. Virksomhederne m\u00e5 ikke anvende oplysningerne til andre form\u00e5l end at tilbyde de tjenester, som de leverer til os.<\/p>\n<h2>Oplysninger, som indsamles via cookies<\/h2>\n<p>Vi anvender cookies til visse dele af vores tjeneste. Cookies er sm\u00e5 tekstfiler, der indeholder information, som gemmes p\u00e5 din pc for at forbedre brugeroplevelsen. Du kan selv v\u00e6lge, om du vil aktivere eller deaktivere funktionen i din browser. Hvis du aktiverer funktionen, kan du fortsat anvende Creditler, men enkelte funktioner vil muligvis ikke fungere optimalt.<\/p>\n<h2>Sletning af personoplysninger<\/h2>\n<p>Vi gemmer kun personoplysninger, s\u00e5 l\u00e6nge det er form\u00e5lstjenligt, medmindre loven foreskriver andet. Vi har etablerede rutiner for sletning af person- og identificeringsoplysninger, og du har mulighed for at anmode os om at fjerne oplysningerne. Hvis du vil opsige dit abonnement p\u00e5 vores nyhedsbrev, kan du nemt g\u00f8re dette ved at klikke p\u00e5 linket nederst i nyhedsbrevet.<\/p>\n<p>Kontakt os, hvis du \u00f8nsker, at vi fjerner dine personoplysninger fra vores system:<\/p>\n<p>dk@Creditler.com<\/p>\n","protected":false},"excerpt":{"rendered":"<p>Almindelige vilk\u00e5r Creditler er en webtjeneste, hvor du kan sammenligne kreditter og l\u00e5n p\u00e5 det danske marked. Vi hj\u00e6lper dig ogs\u00e5 med at finde et l\u00e5n ved at sammenligne forskellige banker og dele nyttige \u00f8konomitip. N\u00e5r du anvender Creditler-tjenesten, giver du Lead Group Oy adgang til oplysninger om dig. Lead Group Oy ejer og administrerer&hellip;<\/p>\n","protected":false},"author":1,"featured_media":0,"parent":0,"menu_order":0,"comment_status":"closed","ping_status":"closed","template":"","meta":{"footnotes":""},"acf":[],"_links":{"self":[{"href":"https:\/\/www.creditler.com\/dk\/wp-json\/wp\/v2\/pages\/27998"}],"collection":[{"href":"https:\/\/www.creditler.com\/dk\/wp-json\/wp\/v2\/pages"}],"about":[{"href":"https:\/\/www.creditler.com\/dk\/wp-json\/wp\/v2\/types\/page"}],"author":[{"embeddable":true,"href":"https:\/\/www.creditler.com\/dk\/wp-json\/wp\/v2\/users\/1"}],"replies":[{"embeddable":true,"href":"https:\/\/www.creditler.com\/dk\/wp-json\/wp\/v2\/comments?post=27998"}],"version-history":[{"count":1,"href":"https:\/\/www.creditler.com\/dk\/wp-json\/wp\/v2\/pages\/27998\/revisions"}],"predecessor-version":[{"id":27999,"href":"https:\/\/www.creditler.com\/dk\/wp-json\/wp\/v2\/pages\/27998\/revisions\/27999"}],"wp:attachment":[{"href":"https:\/\/www.creditler.com\/dk\/wp-json\/wp\/v2\/media?parent=27998"}],"curies":[{"name":"wp","href":"https:\/\/api.w.org\/{rel}","templated":true}]}}