{"id":28021,"date":"2021-04-27T09:20:50","date_gmt":"2021-04-27T09:20:50","guid":{"rendered":"http:\/\/www.creditler.com\/es\/?page_id=28021"},"modified":"2021-04-27T09:20:50","modified_gmt":"2021-04-27T09:20:50","slug":"politica-de-seguridad","status":"publish","type":"page","link":"https:\/\/www.creditler.com\/es\/politica-de-seguridad\/","title":{"rendered":"Pol\u00edtica de seguridad"},"content":{"rendered":"<p>Cuando visitas la p\u00e1gina web de Creditler lo haces de manera an\u00f3nima. En nuestra p\u00e1gina web encontrar\u00e1s una calculadora de pr\u00e9stamo, la cual te permite realizar sencillos c\u00e1lculos crediticios. Nosotros no podemos visualizar ni usar esos c\u00e1lculos.<\/p>\n<h3>Cookies<\/h3>\n<p>No recopilamos datos personales sin avisarte. Sin embargo, usamos las cookies, que son peque\u00f1os ficheros de texto que el navegador guarda en el disco duro de tu ordenador. Las cookies nos informan sobre datos como tu correo electr\u00f3nico, u otros datos personales.<\/p>\n<p>Usamos cookies solo para analizar datos relacionados con el uso de nuestra p\u00e1gina web, como por ejemplo las p\u00e1ginas visitadas, la duraci\u00f3n de las sesiones de los usuarios, etc. Necesitamos estos datos para poder valorar la utilidad de nuestra p\u00e1gina web y para mejorar su calidad. Esto mejora la calidad de los servicios que ofrecemos a nuestros clientes. Lee con m\u00e1s detalle nuestras normas sobre el uso de las cookies.<\/p>\n<h3>Limitaci\u00f3n de responsabilidad<\/h3>\n<p>Creditler no es responsable de la actualidad, validez y calidad de la informaci\u00f3n ofrecida en esta p\u00e1gina web.<br \/>\nPor lo tanto, se rechaza cualquier reclamaci\u00f3n de indemnizaci\u00f3n relacionada con las informaciones proporcionadas, incluyendo todos los datos que resultaran incompletos o err\u00f3neos, o da\u00f1os que pudieran haber causado.<\/p>\n<p>Las ofertas no obligan a nada, ni conllevan obligaciones adicionales. Partes de la p\u00e1gina o la totalidad de la publicaci\u00f3n, la cual incluye todas las ofertas y los datos, pueden ser ampliadas, modificadas o eliminadas parcialmente o en su totalidad por parte de Creditler sin ning\u00fan aviso adicional. La p\u00e1gina web puede contener datos err\u00f3neos y\/o errores ortogr\u00e1ficos.<\/p>\n<h3>Referencias e hiperv\u00ednculos<\/h3>\n<p>Creditler no es responsable del contenido enlazado o al que se hace referencia en estas p\u00e1ginas. Si el uso de los datos presentados causara da\u00f1os, la responsabilidad no ser\u00e1 de Creditler, sino de la persona que ha entrado en dicha p\u00e1gina clicando en ella.<\/p>\n<p>Creditler tampoco se responsabiliza de los comentarios o mensajes publicados por los usuarios de la p\u00e1gina web.<\/p>\n<h3>Derechos de autor<\/h3>\n<p>Creditler no usar\u00e1 en la publicaci\u00f3n ning\u00fan material protegido por derechos de autor. En caso de que esto no fuera posible, Creditler avisar\u00eda de lo sucedido.<\/p>\n<p>Los derechos de autor de todo el material producido son propiedad de Creditler. Copiar o usar cualquier objeto como im\u00e1genes, gr\u00e1ficos, sonido o texto est\u00e1 prohibido sin el consentimiento de Creditler.<\/p>\n<h3>Pol\u00edtica de protecci\u00f3n de datos<\/h3>\n<p>En caso de otorgar datos personales o de empresa (por ejemplo al solicitar un pr\u00e9stamo), esos datos se brindan voluntariamente.<\/p>\n<p>Se reportar\u00e1 al usuario que env\u00ede correo basura o no deseado.<\/p>\n<h3>La validez de esta prohibici\u00f3n<\/h3>\n<p>Esta prohibici\u00f3n y la declaraci\u00f3n de exenci\u00f3n de responsabilidad deben comprenderse como parte \u00edntegra de la publicaci\u00f3n online desde la cual se te ha transferido aqu\u00ed. Si un p\u00e1rrafo o partes sueltas de este texto son ilegales o err\u00f3neas, no tendr\u00e1n efecto sobre el resto.<\/p>\n<p>Los nombres de proveedores crediticios o marcas que se puedan mencionar en esta p\u00e1gina web son propiedad de sus due\u00f1os.<\/p>\n<h3>Resoluci\u00f3n de disputas<\/h3>\n<p>Posibles disputas, que tengan su origen en la presente p\u00e1gina web, la declaraci\u00f3n de exenci\u00f3n de responsabilidad o un posible correo electr\u00f3nico enviado por Creditler o sus empleados y sobre las que no sea posible llegar a un acuerdo, se resolver\u00e1n en los tribunales finlandeses seg\u00fan las leyes de Finlandia.<\/p>\n","protected":false},"excerpt":{"rendered":"<p>Cuando visitas la p\u00e1gina web de Creditler lo haces de manera an\u00f3nima. En nuestra p\u00e1gina web encontrar\u00e1s una calculadora de pr\u00e9stamo, la cual te permite realizar sencillos c\u00e1lculos crediticios. Nosotros no podemos visualizar ni usar esos c\u00e1lculos. Cookies No recopilamos datos personales sin avisarte. Sin embargo, usamos las cookies, que son peque\u00f1os ficheros de texto&hellip;<\/p>\n","protected":false},"author":1,"featured_media":0,"parent":0,"menu_order":0,"comment_status":"closed","ping_status":"closed","template":"","meta":{"footnotes":""},"acf":[],"_links":{"self":[{"href":"https:\/\/www.creditler.com\/es\/wp-json\/wp\/v2\/pages\/28021"}],"collection":[{"href":"https:\/\/www.creditler.com\/es\/wp-json\/wp\/v2\/pages"}],"about":[{"href":"https:\/\/www.creditler.com\/es\/wp-json\/wp\/v2\/types\/page"}],"author":[{"embeddable":true,"href":"https:\/\/www.creditler.com\/es\/wp-json\/wp\/v2\/users\/1"}],"replies":[{"embeddable":true,"href":"https:\/\/www.creditler.com\/es\/wp-json\/wp\/v2\/comments?post=28021"}],"version-history":[{"count":1,"href":"https:\/\/www.creditler.com\/es\/wp-json\/wp\/v2\/pages\/28021\/revisions"}],"predecessor-version":[{"id":28022,"href":"https:\/\/www.creditler.com\/es\/wp-json\/wp\/v2\/pages\/28021\/revisions\/28022"}],"wp:attachment":[{"href":"https:\/\/www.creditler.com\/es\/wp-json\/wp\/v2\/media?parent=28021"}],"curies":[{"name":"wp","href":"https:\/\/api.w.org\/{rel}","templated":true}]}}