{"id":28023,"date":"2021-04-27T09:22:03","date_gmt":"2021-04-27T09:22:03","guid":{"rendered":"http:\/\/www.creditler.com\/es\/?page_id=28023"},"modified":"2021-04-27T09:22:03","modified_gmt":"2021-04-27T09:22:03","slug":"documento-explicativo-de-proteccion-de-datos","status":"publish","type":"page","link":"https:\/\/www.creditler.com\/es\/documento-explicativo-de-proteccion-de-datos\/","title":{"rendered":"Documento explicativo de protecci\u00f3n de datos"},"content":{"rendered":"<p>Creditler es un servicio online propiedad de Lead Group Oy, y gestionado por la misma. Lead Group Oy se compromete a proteger la privacidad de los usuarios de la p\u00e1gina web www.creditler.com\/es de acuerdo con la ley de Reglamento General de Protecci\u00f3n de Datos y otra legislaci\u00f3n aplicable.<\/p>\n<p>La intenci\u00f3n de este documento explicativo de protecci\u00f3n de datos (\u201dDocumento explicativo de protecci\u00f3n de datos\u201d) es la de explicarte qu\u00e9 tipo de informaci\u00f3n recopilamos sobre los usuarios de nuestra P\u00e1gina web (\u201cusuario\u201d, \u201ct\u00fa\u201d), c\u00f3mo usamos dicha informaci\u00f3n, y c\u00f3mo la entregamos a terceros. En el Documento explicativo de protecci\u00f3n de datos explicamos tambi\u00e9n nuestra pol\u00edtica de uso de cookies en nuestra P\u00e1gina web, al igual que en las p\u00e1ginas de terceros. Lee el Documento explicativo de protecci\u00f3n de datos detenidamente. Al usar la P\u00e1gina web aceptas la gesti\u00f3n de tus datos personales de acuerdo con el Documento explicativo de protecci\u00f3n de datos.<\/p>\n<p>Aqu\u00ed podr\u00e1s encontrar el Documento explicativo del registro de datos personales de nuestra empresa: Documento explicativo del registro<\/p>\n<h3><strong>1. Datos recopilados y fuentes de informaci\u00f3n normativas<\/strong><\/h3>\n<p>Recopilamos datos personales de los usuarios cuando usan la P\u00e1gina web, por ejemplo al registrarse en ella, durante los procedimientos de atenci\u00f3n al cliente y tambi\u00e9n directamente del usuario en el resto de casos. Adem\u00e1s, con la ayuda de las cookies y otras t\u00e9cnicas descritas m\u00e1s adelante, podemos recopilar informaci\u00f3n sobre c\u00f3mo el usuario utiliza la P\u00e1gina web y nuestros servicios.<\/p>\n<p>Los datos personales que recopilamos sobre los usuarios cuando usan la P\u00e1gina web incluyen los datos necesarios para la gesti\u00f3n de datos personales. Podemos recopilar, por ejemplo, los siguientes datos:<\/p>\n<p>\u2022 Datos de contacto, como por ejemplo el nombre, el domicilio, la direcci\u00f3n de entrega (si es diferente del domicilio), el n\u00famero de tel\u00e9fono y la direcci\u00f3n de correo electr\u00f3nico<\/p>\n<p>\u2022 Datos de registro, como por ejemplo el usuario, la contrase\u00f1a u otro dato identificativo<\/p>\n<p>\u2022 Fecha de nacimiento, sexo<\/p>\n<p>\u2022 Datos identificativos del perfil e intereses proporcionados por el usuario<\/p>\n<p>\u2022 Datos relacionados con el uso de la P\u00e1gina web y nuestros servicios, y la relaci\u00f3n de cliente del usuario, como por ejemplo datos sobre reclamaciones, datos de pedidos<\/p>\n<p>\u2022 Datos relacionados con permisos y rechazos de marketing directo<\/p>\n<p>\u2022 Otros posibles datos recopilados con permiso del usuario<\/p>\n<p>En el caso de que uses un servicio externo, mantenido por un tercero, para registrarte y\/o inscribirte en la P\u00e1gina web, los datos personales disponibles (como por ejemplo el usuario y la direcci\u00f3n de correo electr\u00f3nico) pueden ser recopilados del servicio externo seg\u00fan las condiciones de uso y los decretos sobre protecci\u00f3n de privacidad de dicha P\u00e1gina web.<\/p>\n<h3><strong>2. Datos personales<\/strong><\/h3>\n<p>Podemos gestionar tus datos personales para los siguientes usos:<\/p>\n<p>\u2022 comunicaci\u00f3n relacionada con la P\u00e1gina web, gesti\u00f3n de la relaci\u00f3n de cliente;<\/p>\n<p>\u2022 producci\u00f3n, proporci\u00f3n, desarrollo, mejora y protecci\u00f3n de la P\u00e1gina web y de los servicios;<\/p>\n<p>\u2022 personalizaci\u00f3n de la P\u00e1gina web para cada usuario, y personalizaci\u00f3n de la publicidad;<\/p>\n<p>\u2022 an\u00e1lisis y estad\u00edsticas sobre la P\u00e1gina web;<\/p>\n<p>\u2022 estudio de mercado y marketing directo de acuerdo con la ley de protecci\u00f3n de datos y la ley de protecci\u00f3n de datos en comunicaci\u00f3n electr\u00f3nica;<\/p>\n<p>\u2022 prevenci\u00f3n e investigaci\u00f3n de abusos;<\/p>\n<p>\u2022 protecci\u00f3n de los derechos y\/o propiedad relacionados con la P\u00e1gina web; y<\/p>\n<p>\u2022 otros posibles usos similares.<\/p>\n<h3><strong>3. Pol\u00edtica de cookies<\/strong><\/h3>\n<p><strong>Cookies usadas en la P\u00e1gina web<\/strong><\/p>\n<p>En la P\u00e1gina web recopilamos informaciones sobre el dispositivo del usuario con la ayuda de las cookies y otras t\u00e9cnicas similares.<\/p>\n<p>La cookie es normalmente un peque\u00f1o fichero de texto que tu navegador de Internet guarda en tu dispositivo para identificar al usuario, y para volver a identificarlo. Gracias a las cookies podemos identificar tu navegador y usar los datos recopilados de esta manera, por ejemplo, para contar el n\u00famero de navegadores que visitan nuestra P\u00e1gina web y para analizar el uso de nuestra p\u00e1gina para realizar estad\u00edsticas. As\u00ed, nuestra intenci\u00f3n es mejorar nuestros servicios para que sean de mayor utilidad para nuestros usuarios.<\/p>\n<p>Con la ayuda de las cookies podemos recopilar, entre otras, las siguientes informaciones:<\/p>\n<p>\u2022 la direcci\u00f3n IP del usuario;<\/p>\n<p>\u2022 la hora;<\/p>\n<p>\u2022 las p\u00e1ginas usadas y el tiempo pasado en cada una;<\/p>\n<p>\u2022 tipo de navegador, sistema operativo de tu dispositivo;<\/p>\n<p>\u2022 desde qu\u00e9 direcci\u00f3n de Internet ha llegado el usuario a la P\u00e1gina web, a qu\u00e9 direcci\u00f3n ha ido despu\u00e9s de haber usado la P\u00e1gina web; y<\/p>\n<p>\u2022 de qu\u00e9 servidor y de qu\u00e9 dominio procede el usuario a la P\u00e1gina web.<\/p>\n<p>La P\u00e1gina web tambi\u00e9n puede contener cookies de terceros, como por ejemplo de servicios de medici\u00f3n y seguimiento. Los terceros pueden instalar cookies en tu dispositivo cuando est\u00e9s visitando nuestra P\u00e1gina web.<\/p>\n<p><strong>Cookies en las p\u00e1ginas web de terceros<\/strong><\/p>\n<p>Adem\u00e1s de las cookies usadas en nuestra P\u00e1gina web, las cookies se usan tambi\u00e9n para personalizar nuestra propia publicidad en las p\u00e1ginas web de terceros. Colaboramos con empresas especializadas en tecnolog\u00edas de marketing online. Con la informaci\u00f3n recopilada con la ayuda de las cookies de estos colaboradores y otras t\u00e9cnicas, nuestros anuncios se pueden dirigir a los usuarios de la red que tienen m\u00e1s probabilidad de estar interesados en ellos en base a su comportamiento online previo y otros factores. As\u00ed se puede usar tambi\u00e9n la informaci\u00f3n recopilada de p\u00e1ginas externas a nuestra P\u00e1gina web a la hora de personalizar la publicidad.<\/p>\n<p>Adem\u00e1s, tanto nuestros colaboradores como nosotros podemos recopilar informaci\u00f3n sobre la eficacia de la publicidad que hemos enviado. Para este fin podemos recopilar por ejemplo la siguiente informaci\u00f3n:<\/p>\n<p>\u2022 informaci\u00f3n sobre cu\u00e1ntas veces un cierto anuncio se ha mostrado en el navegador;<\/p>\n<p>\u2022 informaci\u00f3n sobre si el anuncio ha sido abierto; e<\/p>\n<p>\u2022 informaci\u00f3n sobre si la apertura del anuncio llev\u00f3 a la compra del producto en la tienda online.<\/p>\n<p><strong>Rechazo del uso de cookies y marketing directo<\/strong><\/p>\n<p>Si quieres, t\u00fa mismo puedes controlar hasta qu\u00e9 punto das tu consentimiento al uso de cookies y a la personalizaci\u00f3n de la publicidad.<\/p>\n<p>Puedes rechazar el uso de cookies modificando las configuraciones de tu navegador. Ten en cuenta que, como consecuencia del rechazo de las cookies, puede que no tengas acceso a todas las funcionalidades de la P\u00e1gina web.<\/p>\n<p>En caso de que no quieras que la publicidad se personalice seg\u00fan tus temas de inter\u00e9s, puedes rechazarlo a trav\u00e9s del enlace que encontrar\u00e1s m\u00e1s abajo. Tras rechazar la personalizaci\u00f3n de publicidad se te mostrar\u00e1n tantos anuncios como antes, solo que no ser\u00e1n filtrados seg\u00fan tus temas de inter\u00e9s.<\/p>\n<p>Puedes rechazar la personalizaci\u00f3n de la publicidad aqu\u00ed: http:\/\/www.youronlinechoices.com\/es\/preferencias\/.<\/p>\n<h3><strong>4. Entregas reguladas de datos<\/strong><\/h3>\n<p>Podemos entregar tus datos personales para usos justificados de acuerdo con la legislaci\u00f3n vigente sobre protecci\u00f3n de datos personales.<br \/>\na) Los datos que has dado a trav\u00e9s de la P\u00e1gina web se pueden entregar a entidades pertenecientes a los siguientes grupos:<\/p>\n<p>\u2022 a proveedores de servicios, como por ejemplo el proveedor del servicio de pagos, los cuales participan de nuestra P\u00e1gina web y servicios;<br \/>\n\u2022 a las autoridades, en caso de que la ley o nuestros intereses o los de un tercero lo requieran;<br \/>\n\u2022 a empresas filiales y asociadas u otras empresas que pertenezcan al mismo grupo o conglomerado econ\u00f3mico que nosotros, o al nuevo propietario o propietario parcial de la P\u00e1gina web o personal de pr\u00e1cticas, as\u00ed como asesores en el momento de una adquisici\u00f3n o fusi\u00f3n.<\/p>\n<p>b) Los datos recopilados a trav\u00e9s de un procesamiento autom\u00e1tico de datos se pueden entregar a entidades pertenecientes a los siguientes grupos:<\/p>\n<p>\u2022 a proveedores de servicios, como por ejemplo, empresas especializadas en an\u00e1lisis de datos y marketing online<br \/>\n\u2022 a las autoridades, en caso de que la ley o nuestros intereses o los de un tercero lo requieran;<br \/>\n\u2022 a empresas filiales y asociadas u otras empresas que pertenezcan al mismo grupo o conglomerado econ\u00f3mico que nosotros, o al nuevo propietario o propietario parcial de la P\u00e1gina web o personal de pr\u00e1cticas, as\u00ed como asesores en el momento de una adquisici\u00f3n o fusi\u00f3n.<\/p>\n<p>Adem\u00e1s, los datos se pueden entregar a terceros en un formato que no permite la identificaci\u00f3n de usuarios individuales, en cuyo caso no se tratar\u00eda de datos personales.<\/p>\n<p>Proveedores de servicios que utilizamos son:<br \/>\n\u2022 Google\u00a0<a href=\"https:\/\/myactivity.google.com\/\" data-wct-parsed=\"1\" target=\"_blank\" rel=\"noopener\">(Administre sus datos aqu\u00ed)<\/a><br \/>\n\u2022 Facebook\u00a0<a href=\"https:\/\/www.facebook.com\/privacy\/explanation\" data-wct-parsed=\"1\" target=\"_blank\" rel=\"noopener\">(Administre sus datos aqu\u00ed)<\/a><\/p>\n<h3><strong>5. Hiperv\u00ednculos a las p\u00e1ginas web de terceros<\/strong><\/h3>\n<p>Nuestra P\u00e1gina web puede contener hiperv\u00ednculos mantenidos por terceros. No nos hacemos responsables de los contenidos de las p\u00e1ginas web de este tipo, ni de sus pol\u00edticas de protecci\u00f3n de privacidad. Recomendamos que leas con atenci\u00f3n las condiciones de protecci\u00f3n de privacidad de cada p\u00e1gina.<\/p>\n<h3><strong>6. Pol\u00edtica de protecci\u00f3n de datos personales<\/strong><\/h3>\n<p>Utilizamos los medios de seguridad necesarios, tanto t\u00e9cnicos como organizacionales para proteger los datos personales de un acceso no autorizado o desaparici\u00f3n de los mismos por error o ilegalmente, de modificaci\u00f3n, de entrega u otro uso ilegal.<\/p>\n<h3><strong>7. Tus derechos y posibilidades de tomar medidas<\/strong><\/h3>\n<p>Tienes derecho a verificar los datos que tenemos sobre ti en nuestro registro, derecho a reclamar la modificaci\u00f3n de un dato err\u00f3neo, derecho a gestionar tus datos personales para fines de marketing directo y en todo caso, a apoyarte en los derechos que se te garantizan en la ley de datos personales.<\/p>\n<p>Bajo petici\u00f3n corregimos, eliminamos o completamos los datos personales que para su gesti\u00f3n resulten err\u00f3neos, in\u00fatiles, incompletos o caducados. Puedes ejercer los derechos anteriormente mencionados contactando con nuestra atenci\u00f3n al cliente en es@www.creditler.com. Al ejercer tu derecho de verificaci\u00f3n, puede cobrarse un importe razonable por la entrega de datos si hace menos de un a\u00f1o de la \u00faltima vez que al usuario se le hab\u00edan entregado los datos del registro para su verificaci\u00f3n.<\/p>\n<h3><strong>8. Las modificaciones al Documento explicativo de protecci\u00f3n de datos<\/strong><\/h3>\n<p>Nos reservamos el derecho a modificar este Documento explicativo de protecci\u00f3n de datos avisando de ello en la P\u00e1gina web. Recomendamos que leas el Documento explicativo de protecci\u00f3n de datos con regularidad.<\/p>\n<h3><strong>9. Contacto<\/strong><\/h3>\n<p>La entidad que lleva el registro de los datos personales que hemos recopilado es Lead Group Oy.<\/p>\n<p>Para las preguntas relacionadas con el presente Documento explicativo de protecci\u00f3n de datos pueden dirigirse a nuestra persona de contacto:<\/p>\n<p>Persona de contacto: Customer Service<br \/>\nCorreo electr\u00f3nico: es@www.creditler.com<br \/>\nDirecci\u00f3n: Lead Group Oy, PL 10, 90501 Oulu, Finland<\/p>\n","protected":false},"excerpt":{"rendered":"<p>Creditler es un servicio online propiedad de Lead Group Oy, y gestionado por la misma. Lead Group Oy se compromete a proteger la privacidad de los usuarios de la p\u00e1gina web www.creditler.com\/es de acuerdo con la ley de Reglamento General de Protecci\u00f3n de Datos y otra legislaci\u00f3n aplicable. La intenci\u00f3n de este documento explicativo de&hellip;<\/p>\n","protected":false},"author":1,"featured_media":0,"parent":0,"menu_order":0,"comment_status":"closed","ping_status":"closed","template":"","meta":{"footnotes":""},"acf":[],"_links":{"self":[{"href":"https:\/\/www.creditler.com\/es\/wp-json\/wp\/v2\/pages\/28023"}],"collection":[{"href":"https:\/\/www.creditler.com\/es\/wp-json\/wp\/v2\/pages"}],"about":[{"href":"https:\/\/www.creditler.com\/es\/wp-json\/wp\/v2\/types\/page"}],"author":[{"embeddable":true,"href":"https:\/\/www.creditler.com\/es\/wp-json\/wp\/v2\/users\/1"}],"replies":[{"embeddable":true,"href":"https:\/\/www.creditler.com\/es\/wp-json\/wp\/v2\/comments?post=28023"}],"version-history":[{"count":1,"href":"https:\/\/www.creditler.com\/es\/wp-json\/wp\/v2\/pages\/28023\/revisions"}],"predecessor-version":[{"id":28024,"href":"https:\/\/www.creditler.com\/es\/wp-json\/wp\/v2\/pages\/28023\/revisions\/28024"}],"wp:attachment":[{"href":"https:\/\/www.creditler.com\/es\/wp-json\/wp\/v2\/media?parent=28023"}],"curies":[{"name":"wp","href":"https:\/\/api.w.org\/{rel}","templated":true}]}}