{"id":28025,"date":"2021-04-27T09:22:44","date_gmt":"2021-04-27T09:22:44","guid":{"rendered":"http:\/\/www.creditler.com\/es\/?page_id=28025"},"modified":"2021-04-27T09:22:44","modified_gmt":"2021-04-27T09:22:44","slug":"documento-explicativo-del-registro","status":"publish","type":"page","link":"https:\/\/www.creditler.com\/es\/documento-explicativo-del-registro\/","title":{"rendered":"Documento explicativo del registro"},"content":{"rendered":"<h3>1. Entidad responsable de mantener el registro<\/h3>\n<p>Lead Group Oy, c\u00f3digo de empresa FI-24025042, PL 10, 90501 Oulu, Finland<\/p>\n<h3>2. Persona responsable de temas relacionados con el registro<\/h3>\n<p>Customer Service<br \/>\nCorreo electr\u00f3nico: es@www.creditler.com<br \/>\nDirecci\u00f3n: Lead Group Oy, PL 10, 90501 Oulu, Finland<\/p>\n<h3>3. Nombre del registro<\/h3>\n<p>Registro de clientes y marketing Creditler.<\/p>\n<h3>4. Utilidad de la gesti\u00f3n de los datos personales (utilidad del registro)<\/h3>\n<p>El registro se utiliza con el consentimiento del cliente y tras haber solicitado este los servicios de la empresa para su reconocimiento e identificaci\u00f3n dentro del servicio online Creditler, donde el cliente puede dejar su solicitud y recibir ofertas de productos crediticios y otros productos financieros de los colaboradores de Creditler. Asimismo el registro se utiliza para responder a las obligaciones de almacenamiento, reporte y respuesta a demandas de informaci\u00f3n basadas en la legislaci\u00f3n y en las \u00f3rdenes e instrucciones de las autoridades.<\/p>\n<p>Los datos personales del registro se pueden utilizar tambi\u00e9n para fines de marketing directo de los servicios de la entidad que mantiene el registro, dentro de los l\u00edmites permitidos por la ley.<\/p>\n<p>Los datos personales del registro tambi\u00e9n se usan para gestionar la atenci\u00f3n al cliente de Creditler, para gestionar la relaci\u00f3n con el cliente y posibles reclamaciones, as\u00ed como para hacer un an\u00e1lisis interno de marketing y clientes e investigaci\u00f3n de mercados.<\/p>\n<p>Los datos personales del registro se pueden usar tambi\u00e9n para modificar nuestros servicios electr\u00f3nicos seg\u00fan el perfil de cada cliente en nuestras diferentes p\u00e1ginas web (como, por ejemplo, www.creditler.com\/es).<\/p>\n<p>Los datos personales del registro tambi\u00e9n pueden ser utilizados para desarrollar el negocio propio de Lead Group Oy. En caso de que no aportes los datos marcados como obligatorios, Creditler no podr\u00eda proporcionarte sus servicios.<\/p>\n<p>Algunos servicios de Creditler pueden requerir ciertas condiciones especiales para la gesti\u00f3n de datos personales. Al usuario se le informa sobre ellas, y se le solicita autorizaci\u00f3n al respecto durante el uso del servicio.<\/p>\n<h3>5. Contenido informativo del registro<\/h3>\n<p>El registro contiene datos sobre solicitantes y clientes, as\u00ed como sobre destinatarios de marketing de los productos, agrupados del siguiente modo:<\/p>\n<h4><strong>5.1 Datos relacionados con la identidad del solicitante<\/strong><\/h4>\n<ul>\n<li>Nombre y apellidos.<\/li>\n<li>Domicilio.<\/li>\n<li>N\u00famero(s) de tel\u00e9fono.<\/li>\n<li>Correo electr\u00f3nico.<\/li>\n<li>Nacionalidad.<\/li>\n<li>Datos acerca de los ingresos.<\/li>\n<li>Relaciones laborables.<\/li>\n<li>Permisos y rechazos de marketing directo.<\/li>\n<li>Comentarios y reclamaciones hechas por el cliente.<\/li>\n<li>La direcci\u00f3n IP y las cookies del dispositivo usado por el cliente.<\/li>\n<li>Informaci\u00f3n adicional proporcionada por el mismo cliente sobre temas relevantes para los servicios de la entidad que mantiene el registro.<\/li>\n<\/ul>\n<h4><strong>5.2 Datos relacionados con la identidad de la persona destinataria de marketing directo y otras acciones de marketing<\/strong><\/h4>\n<ul>\n<li>Nombre y apellidos.<\/li>\n<li>Domicilio.<\/li>\n<li>N\u00famero(s) de tel\u00e9fono.<\/li>\n<li>Correo electr\u00f3nico.<\/li>\n<li>Permisos y rechazos de marketing directo.<\/li>\n<\/ul>\n<h3>6. Fuentes de informaci\u00f3n acordes con la normativa del registro<\/h3>\n<p>En el registro se recopilan datos del usuario en el momento de inicio de la relaci\u00f3n con el cliente, as\u00ed como durante las mismas. Los datos personales se recopilan:<\/p>\n<p>\u2013 Solicit\u00e1ndolos a la persona registrada y mientras esta utiliza distintas p\u00e1ginas web de Lead Group Oy.<\/p>\n<h3>7. Entrega de datos<\/h3>\n<p>Lead Group Oy puede entregar datos solo dentro de los l\u00edmites permitidos por la ley. Los datos a entregar ser\u00e1n, como mucho, los siguientes:<\/p>\n<p>\u2013 En caso de realizarse investigaci\u00f3n por parte de las autoridades, se entregar\u00e1n todos los datos requeridos por las mismas.<\/p>\n<p>Para mayor claridad, se expone que tanto el personal de Lead Group Oy como personas externas empleadas por ella tienen la obligaci\u00f3n de guardar secreto profesional sobre todos los datos relacionados con los clientes.<\/p>\n<h3>8. Traspaso de datos fuera del EEE<\/h3>\n<p>Lead Group Oy no traslada datos personales fuera del Espacio Econ\u00f3mico Europeo(EEE) ni siquiera en formato electr\u00f3nico.<\/p>\n<h3>9. Protecci\u00f3n del registro<\/h3>\n<p>El uso del registro de datos personales est\u00e1 organizado por parte de la entidad que mantiene el registro, de tal modo, que el acceso al mismo queda restringido a los empleados, que por el car\u00e1cter de su trabajo tengan permiso para acceder a \u00e9l y puedan acceder a los datos personales del registro, registrados de forma f\u00edsica o en distintos sistemas inform\u00e1ticos. La entidad que lleva el registro organiza el control de acceso, cierre bajo llave y sistema de alarma en sus oficinas. Los sistemas inform\u00e1ticos est\u00e1n protegidos de programas nocivos con software de protecci\u00f3n, cortafuegos, gesti\u00f3n de usuarios y otras herramientas modernas. El personal de la entidad que lleva el registro recibe formaci\u00f3n para la correcta gesti\u00f3n de los datos personales. Asimismo, la entidad que lleva el registro tiene una pol\u00edtica y directrices internas vigentes sobre la correcta gesti\u00f3n de los datos personales.<\/p>\n<p>Mediante contratos de licitaci\u00f3n se obliga a las entidades, que manejan los datos personales por encargo de la entidad responsable de llevar el registro, a proteger los datos personales de la misma manera.<\/p>\n<p>En la p\u00e1gina web la informaci\u00f3n est\u00e1 protegida con una conexi\u00f3n SSL en c\u00f3digo secreto, y con una encriptaci\u00f3n al transferir los datos.<\/p>\n<h3>10. Derecho de rechazo de la persona registrada<\/h3>\n<p>La persona registrada tiene derecho a rechazar que la entidad que lleva el registro gestione sus datos para fines de marketing directo, venta a distancia y otros fines de marketing directo e investigaci\u00f3n de mercados y encuestas.<\/p>\n<h3>11. Derecho de la persona registrada a la verificaci\u00f3n, modificaci\u00f3n de sus datos y periodo de conservaci\u00f3n de estos<\/h3>\n<p>La persona registrada tiene derecho a verificar los datos que se han guardado sobre ella en el registro de datos personales, as\u00ed como a tener una copia de ellos tal y como se observa en la ley.<\/p>\n<p>Al finalizar la relaci\u00f3n de cliente los datos se eliminan del registro en el momento en que dejan de ser necesarios, o a m\u00e1s tardar al finalizar el periodo requerido por la ley. La entidad que lleva el registro corrige, elimina o completa, de motu propio o por requerimiento de la persona registrada, tal y como lo recoge la ley, los datos personales registrados para la gesti\u00f3n que resulten err\u00f3neos, innecesarios, incompletos o caducados.<\/p>\n<p>Para ejercer su derecho de rechazo o verificaci\u00f3n y para corregir los datos, la persona registrada debe contactar con el responsable del registro.<\/p>\n","protected":false},"excerpt":{"rendered":"<p>1. Entidad responsable de mantener el registro Lead Group Oy, c\u00f3digo de empresa FI-24025042, PL 10, 90501 Oulu, Finland 2. Persona responsable de temas relacionados con el registro Customer Service Correo electr\u00f3nico: es@www.creditler.com Direcci\u00f3n: Lead Group Oy, PL 10, 90501 Oulu, Finland 3. Nombre del registro Registro de clientes y marketing Creditler. 4. Utilidad de&hellip;<\/p>\n","protected":false},"author":1,"featured_media":0,"parent":0,"menu_order":0,"comment_status":"closed","ping_status":"closed","template":"","meta":{"footnotes":""},"acf":[],"_links":{"self":[{"href":"https:\/\/www.creditler.com\/es\/wp-json\/wp\/v2\/pages\/28025"}],"collection":[{"href":"https:\/\/www.creditler.com\/es\/wp-json\/wp\/v2\/pages"}],"about":[{"href":"https:\/\/www.creditler.com\/es\/wp-json\/wp\/v2\/types\/page"}],"author":[{"embeddable":true,"href":"https:\/\/www.creditler.com\/es\/wp-json\/wp\/v2\/users\/1"}],"replies":[{"embeddable":true,"href":"https:\/\/www.creditler.com\/es\/wp-json\/wp\/v2\/comments?post=28025"}],"version-history":[{"count":1,"href":"https:\/\/www.creditler.com\/es\/wp-json\/wp\/v2\/pages\/28025\/revisions"}],"predecessor-version":[{"id":28026,"href":"https:\/\/www.creditler.com\/es\/wp-json\/wp\/v2\/pages\/28025\/revisions\/28026"}],"wp:attachment":[{"href":"https:\/\/www.creditler.com\/es\/wp-json\/wp\/v2\/media?parent=28025"}],"curies":[{"name":"wp","href":"https:\/\/api.w.org\/{rel}","templated":true}]}}