{"id":28055,"date":"2021-04-30T08:37:28","date_gmt":"2021-04-30T08:37:28","guid":{"rendered":"http:\/\/www.creditler.com\/no\/?page_id=28055"},"modified":"2021-04-30T08:37:28","modified_gmt":"2021-04-30T08:37:28","slug":"retningslinjer-for-personvern","status":"publish","type":"page","link":"https:\/\/www.creditler.com\/no\/retningslinjer-for-personvern\/","title":{"rendered":"Retningslinjer for personvern"},"content":{"rendered":"<p>Creditler er en nettjeneste som eies og administreres av Lead Group Oy. Lead Group Oy har forpliktet seg til \u00e5 beskytte integriteten for brukerne av nettjenesten www.creditler.com\/no\/ i henhold til personvernforordningen (EU 679\/2016) og \u00f8vrig gjeldende lovgivning.<\/p>\n<p>Hensikten med disse retningslinjene for personvern (\u201cretningslinjer for personvern\u201d) er \u00e5 klargj\u00f8re hvilke opplysninger vi normalt innhenter fra brukerne av v\u00e5r nettjeneste (\u201cbruker\u201d, \u201cdu\u201d), hvordan vi benytter opplysningene og hvordan vi utleverer dem til tredjepart. I retningslinjene for personvern klargj\u00f8r vi ogs\u00e5 praksis for bruk av nettleserkapsler og tredjeparts nettsteder. Les retningslinjene for personvern n\u00f8ye. Ved \u00e5 benytte nettstedet godkjenner du at dine personopplysninger h\u00e5ndteres i henhold til disse retningslinjene.<\/p>\n<p>Registerbeskrivelsen for v\u00e5r virksomhet finner du her:\u00a0<a href=\"https:\/\/www.creditler.com\/no\/registerbeskrivelse\/\" data-wct-parsed=\"1\">Registerbeskrivelse<\/a><\/p>\n<h3>1. DE OPPLYSNINGENE VI INNHENTER OG REGELMESSIGE INFORMASJONSKILDER<\/h3>\n<p>Vi innhenter personopplysninger direkte fra brukerne gjennom bruken av nettjenesten, i kontakt med kundeservice eller direkte fra brukeren p\u00e5 annen m\u00e5te. Ved hjelp av nettleserkapsler og andre teknikker som beskrives nedenfor, kan vi dessuten innhente informasjon om hvordan brukerne benytter nettjenesten og tjenestene v\u00e5re.<\/p>\n<p>Opplysningene vi innhenter om brukerne i forbindelse med bruken av nettjenesten er viktig informasjon for h\u00e5ndteringen av personopplysninger. Vi kan eksempelvis innhente f\u00f8lgende opplysninger:<\/p>\n<ul>\n<li>Kontaktopplysninger, slik som navn, adresse, leveringsadresse (dersom den fraviker fra postadressen), telefonnummer, e-postadresse<\/li>\n<li>Registreringsopplysninger, slik som brukernavn, passord eller eventuelt \u00f8vrig ID<\/li>\n<li>F\u00f8dselsdato, kj\u00f8nn<\/li>\n<li>Profilerings- og interesseopplysninger som oppgis av brukeren<\/li>\n<li>Opplysninger som gjelder bruken av nettstedet og v\u00e5re tjenester, samt brukerens kunderelasjon, opplysninger om kundetilbakemeldinger, ordreinformasjon<\/li>\n<li>Opplysninger om samtykke til eller avvising av direktemarkedsf\u00f8ring<\/li>\n<li>Eventuelle \u00f8vrige opplysninger som innhentes med brukerens tillatelse<\/li>\n<\/ul>\n<p>Dersom du benytter en tjeneste som administreres av en tredjepart utenfor nettstedet for \u00e5 registrere deg og\/eller logge inn p\u00e5 nettstedet, kan tilgjengelige betalingsopplysninger innhentes fra den eksterne tjenesten i henhold til den aktuelle tjenestens brukervilk\u00e5r og retningslinjer for personvern (som eksempelvis brukernavn og e-postadresse).<\/p>\n<h3>2. PERSONOPPLYSNINGER<\/h3>\n<p>N\u00e5r du registrerer deg p\u00e5 v\u00e5rt nettsted sp\u00f8r vi deg om dine person- og inntektsopplysninger. Se punktet om h\u00e5ndtering av personopplysninger for ytterligere informasjon.<\/p>\n<p>Vi kan h\u00e5ndtere dine personopplysninger til f\u00f8lgende form\u00e5l:<\/p>\n<ul>\n<li>Til kommunikasjon i forbindelse med nettstedet og v\u00e5re tjenester, for \u00e5 h\u00e5ndtere kunderelasjonen<\/li>\n<li>For \u00e5 produsere, tilby, utvikle, forbedre og beskytte nettstedet og tjenestene v\u00e5re<\/li>\n<li>For \u00e5 gj\u00f8re nettstedet personlig og tilpasset brukeren, og for m\u00e5lrettet markedsf\u00f8ring<\/li>\n<li>Analyse og statistikk vedr\u00f8rende nettstedet<\/li>\n<li>Markedsunders\u00f8kelser og elektronisk direktemarkedsf\u00f8ring i henhold til personvernlovgivningen og lovgivning om databeskyttelse ved elektronisk kommunikasjon<\/li>\n<li>Forebygging og utredning av misbruk<\/li>\n<li>Verne rettigheter og\/eller beskytte eiendeler i forbindelse med nettstedet<\/li>\n<li>Andre tilsvarende bruksomr\u00e5der<\/li>\n<\/ul>\n<h3>3. NETTLESERKAPSLER<\/h3>\n<h4><strong>Nettstedet benytter nettleserkapsler<\/strong><\/h4>\n<p>Vi innhenter opplysninger fra brukerens enhet ved hjelp av nettleserkapsler (\u201ccookies\u201d) og andre tilsvarende teknikker.<\/p>\n<p>En nettleserkapsel er en liten tekstfil som nettleseren din lagrer p\u00e5 enheten din for \u00e5 kunne identifisere og gjenkjenne brukeren. Ved hjelp av nettleserkapsler kan vi identifisere nettleseren din og benytte de opplysningene vi f\u00e5r til \u00e5 for eksempel beregne antall bes\u00f8kende p\u00e5 sidene v\u00e5re, og analysere bruken for eksempel til statistikk. Dette gj\u00f8r vi for \u00e5 utvikle tjenestene v\u00e5re slik at de l\u00f8pende blir bedre for brukerne.<\/p>\n<p>Ved hjelp av nettleserkapsler kan det blant annet innhentes opplysninger om:<\/p>\n<ul>\n<li>brukerens IP-adresse<\/li>\n<li>tidspunkt<\/li>\n<li>bes\u00f8kte sider og hvor lenge de er bes\u00f8kt<\/li>\n<li>nettlesertype, enhetens operativsystem<\/li>\n<li>fra hvilken nettadressen brukeren kom til nettstedet og til hvilken nettadresse brukeren g\u00e5r etter \u00e5 ha bes\u00f8kt nettstedet<\/li>\n<li>via hvilke nettlesere og fra hvilke domenenavn brukeren kommer til nettstedet<\/li>\n<\/ul>\n<p>Nettstedet kan ogs\u00e5 inneholde nettleserkapsler fra tredjepart, som eksempelvis m\u00e5lings- og oppf\u00f8lgingstjenester. Tredjepart kan installere nettleserkapsler p\u00e5 enheten din n\u00e5r du bes\u00f8ker v\u00e5rt nettsted.<\/p>\n<h4><strong>Nettleserkapsler hos tredjeparts nettsteder<\/strong><\/h4>\n<p>I tillegg til nettleserkapslene som benyttes p\u00e5 v\u00e5rt nettsted, benyttes nettleserkapsler ogs\u00e5 for \u00e5 m\u00e5lrette v\u00e5r egen markedsf\u00f8ring gjennom tredjeparts nettsteder. Vi samarbeider med virksomheter som er spesialiserte p\u00e5 teknikker innen nettmarkedsf\u00f8ring. De opplysningene som innhentes gjennom disse samarbeidspartnernes nettleserkapsler og andre teknikker, kan vi benytte til m\u00e5lretting basert p\u00e5 tidligere atferd p\u00e5 nettet samt andre faktorer, ovenfor nettbrukere med h\u00f8yest sannsynlighet for \u00e5 v\u00e6re mest interesserte i v\u00e5r markedsf\u00f8ring. For \u00e5 m\u00e5lrette markedsf\u00f8ringen kan vi ogs\u00e5 benytte informasjon og atferd p\u00e5 nettet som innhentes fra eksterne nettsteder.<\/p>\n<p>Vi og v\u00e5re samarbeidspartnere kan dessuten innhente opplysninger om hvor effektiv markedsf\u00f8ringen v\u00e5r er. I den forbindelsen kan vi eksempelvis innhente f\u00f8lgende opplysninger:<\/p>\n<ul>\n<li>Informasjon om hvor mange ganger en bestemt reklame har blitt vist i nettleseren<\/li>\n<li>Informasjon om hvorvidt reklamen ble \u00e5pnet<\/li>\n<li>Informasjon om hvorvidt reklamen f\u00f8rte til kj\u00f8p av et produkt i nettbutikken<\/li>\n<\/ul>\n<h4><strong>Blokkerte nettleserkapsler og m\u00e5lrettet markedsf\u00f8ring<\/strong><\/h4>\n<p>Du kan selv bestemme til hvilken grad du godtar bruken av nettleserkapsler og m\u00e5lrettet markedsf\u00f8ring.<\/p>\n<p>Du kan blokkere bruken av nettleserkapsler ved \u00e5 endre innstillingene i nettleseren din. Merk at blokkering av nettleserkapsler kan f\u00f8re til at enkelte funksjoner p\u00e5 nettstedet ikke fungerer.<\/p>\n<p>Dersom du ikke vil ha m\u00e5lrettet markedsf\u00f8ring basert p\u00e5 dine interesseomr\u00e5der, kan du blokkere den m\u00e5lrettede markedsf\u00f8ringen gjennom linken nedenfor. Etter at du har blokkert den m\u00e5lrettede markedsf\u00f8ringen vises like mye reklame som tidligere, men det er ikke utvalg basert p\u00e5 dine interesseomr\u00e5der.<\/p>\n<p>Du kan blokkere m\u00e5lrettet markedsf\u00f8ring her http:\/\/www.youronlinechoices.com\/nor\/dine-valg.<\/p>\n<h3>4. L\u00d8PENDE UTLEVERING AV OPPLYSNINGER<\/h3>\n<p>Vi kan utlevere personopplysningene dine til aktuelle bruksomr\u00e5der i henhold til gjeldende personvernlovgivning.<\/p>\n<p>a) De opplysningene du deler gjennom nettstedet kan utleveres til parter som tilh\u00f8rer f\u00f8lgende kategorier:<\/p>\n<ul>\n<li>Tjenesteleverand\u00f8rer som deltar i leveringen av nettstedet og tjenestene v\u00e5re, slik som eksempelvis betalingstjenester<\/li>\n<li>V\u00e5re samarbeidspartnere innen markedsf\u00f8ring, med mindre du har nektet dette<\/li>\n<li>Myndigheter dersom lovgivning, v\u00e5re interesser eller tredjeparts interesser krever dette<\/li>\n<li>V\u00e5re datterselskaper og tilknyttede selskaper eller andre virksomheter innen samme konsern, eller virksomheter som inng\u00e5r i et \u00f8konomisk samarbeid, nettstedets nye eiere eller deleiere, eller ut\u00f8vere og deres r\u00e5dgivere i forbindelse med forretninger eller omstruktureringer<\/li>\n<\/ul>\n<p>b) Opplysninger som innhentes med automatisk databehandling kan utleveres til parter som tilh\u00f8rer f\u00f8lgende kategorier:<\/p>\n<ul>\n<li>Tjenesteleverand\u00f8rer, slik som for eksempel virksomheter spesialisert p\u00e5 dataanalyse og nettmarkedsf\u00f8ring<\/li>\n<li>Myndighetene, dersom lovgivning, v\u00e5re interesser eller tredjeparts interesser krever det<\/li>\n<li>V\u00e5re datterselskaper og tilknyttede selskaper eller andre virksomheter innen samme konsern, eller virksomheter som inng\u00e5r i et \u00f8konomisk samarbeid, nettstedets nye eiere eller deleiere, eller ut\u00f8vere og deres r\u00e5dgivere i forbindelse med forretninger eller omstruktureringer<\/li>\n<\/ul>\n<p>Dessuten kan opplysningene utleveres til tredjepart i en form hvor enkeltindivider ikke kan identifiseres, alts\u00e5 ikke personopplysninger.<\/p>\n<p>Tjenesteleverand\u00f8rer vi bruker inkluderer:<\/p>\n<ul>\n<li>Google\u00a0<a href=\"https:\/\/myactivity.google.com\/\" data-wct-parsed=\"1\" target=\"_blank\" rel=\"noopener\">(Administrer dataene dine her)<\/a><\/li>\n<li>Facebook\u00a0<a href=\"https:\/\/www.facebook.com\/privacy\/explanation\" data-wct-parsed=\"1\" target=\"_blank\" rel=\"noopener\">(Administrer dataene dine her)<\/a><\/li>\n<\/ul>\n<h3>5. LINKER TIL TREDJEPARTS NETTSTEDER<\/h3>\n<p>V\u00e5rt nettsted kan inneholde linker til nettsteder som administreres av tredjeparter. Vi er ikke ansvarlige for innholdet eller retningslinjene for personvern hos tredjeparts nettsteder. Vi anbefaler at du grundig setter deg inn i retningslinjene for personvern hos hvert enkelt nettsted.<\/p>\n<h3>6. PRINSIPPER FOR BESKYTTELSE AV PERSONOPPLYSNINGER<\/h3>\n<p>Vi benytter tilstrekkelige tekniske og organisatoriske metoder for \u00e5 beskytte personopplysninger fra uautorisert tilgang og mot utilsiktet eller ulovlig tap, endring, utlevering, overf\u00f8ring eller annen ulovlig h\u00e5ndtering.<\/p>\n<h3>7. DINE RETTIGHETER OG P\u00c5VIRKNINGSMULIGHETER<\/h3>\n<p>Du har retten til \u00e5 se opplysningene om deg som finnes i v\u00e5re registre, retten til \u00e5 kreve \u00e5 korrigere feil opplysninger, retten til \u00e5 nekte h\u00e5ndtering av personopplysningene dine til direktemarkedsf\u00f8ring samt benytte rettighetene dine i henhold til personvernlovgivningen.<\/p>\n<p>P\u00e5 din anmodning vil vi korrigere, fjerne eller komplettere personopplysninger som er feil, un\u00f8dvendige, mangelfulle eller foreldet med tanke p\u00e5 h\u00e5ndteringens hensikt. Du kan benytte ovennevnte rettigheter ved \u00e5 kontakte v\u00e5r kundest\u00f8tte p\u00e5 adressen no@www.creditler.com. N\u00e5r du benytter din rett til innsyn kan vi krevet en rimelig kompensasjon for utleveringen av opplysningene dersom det har g\u00e5tt mindre enn ett \u00e5r siden du sist fikk opplysninger fra registeret.<\/p>\n<h3>8. ENDRINGER I RETNINGSLINJENE FOR PERSONVERN<\/h3>\n<p>Vi forbeholder seg retten til \u00e5 endre disse retningslinjene for personvern uten forutg\u00e5ende varsel p\u00e5 nettstedet. Vi anbefaler at du jevnlig leser retningslinjene for personvern.<\/p>\n<h3>9. KONTAKTOPPLYSNINGER<\/h3>\n<p>Behandlingsansvarlig for personopplysningene vi innhenter er Lead Group Oy<\/p>\n<p>Har du sp\u00f8rsm\u00e5l om disse retningslinjene for personvern kan du kontakte v\u00e5rt personvernombud:<\/p>\n<p>Customer Service<\/p>\n<p>E-post: no@www.creditler.com<\/p>\n<p>Adresse: Lead Group Oy, PL 10, 90501 Oulu, Finland<\/p>\n","protected":false},"excerpt":{"rendered":"<p>Creditler er en nettjeneste som eies og administreres av Lead Group Oy. Lead Group Oy har forpliktet seg til \u00e5 beskytte integriteten for brukerne av nettjenesten www.creditler.com\/no\/ i henhold til personvernforordningen (EU 679\/2016) og \u00f8vrig gjeldende lovgivning. Hensikten med disse retningslinjene for personvern (\u201cretningslinjer for personvern\u201d) er \u00e5 klargj\u00f8re hvilke opplysninger vi normalt innhenter fra&hellip;<\/p>\n","protected":false},"author":1,"featured_media":0,"parent":0,"menu_order":0,"comment_status":"closed","ping_status":"closed","template":"","meta":{"footnotes":""},"acf":[],"_links":{"self":[{"href":"https:\/\/www.creditler.com\/no\/wp-json\/wp\/v2\/pages\/28055"}],"collection":[{"href":"https:\/\/www.creditler.com\/no\/wp-json\/wp\/v2\/pages"}],"about":[{"href":"https:\/\/www.creditler.com\/no\/wp-json\/wp\/v2\/types\/page"}],"author":[{"embeddable":true,"href":"https:\/\/www.creditler.com\/no\/wp-json\/wp\/v2\/users\/1"}],"replies":[{"embeddable":true,"href":"https:\/\/www.creditler.com\/no\/wp-json\/wp\/v2\/comments?post=28055"}],"version-history":[{"count":1,"href":"https:\/\/www.creditler.com\/no\/wp-json\/wp\/v2\/pages\/28055\/revisions"}],"predecessor-version":[{"id":28056,"href":"https:\/\/www.creditler.com\/no\/wp-json\/wp\/v2\/pages\/28055\/revisions\/28056"}],"wp:attachment":[{"href":"https:\/\/www.creditler.com\/no\/wp-json\/wp\/v2\/media?parent=28055"}],"curies":[{"name":"wp","href":"https:\/\/api.w.org\/{rel}","templated":true}]}}