{"id":27889,"date":"2021-04-20T07:31:00","date_gmt":"2021-04-20T07:31:00","guid":{"rendered":"http:\/\/www.creditler.com\/fi\/?page_id=27889"},"modified":"2021-04-21T12:12:52","modified_gmt":"2021-04-21T12:12:52","slug":"allmanna-villkor","status":"publish","type":"page","link":"https:\/\/www.creditler.com\/se\/allmanna-villkor\/","title":{"rendered":"Allm\u00e4nna villkor"},"content":{"rendered":"<h2>Allm\u00e4nna villkor<\/h2>\n<p>Creditler.com \u00e4r en gratistj\u00e4nst. N\u00e4r du anv\u00e4nder tj\u00e4nsten Creditler.com ger du Lead Group Oy tillg\u00e5ng till uppgifter om dig. Lead Group Oy \u00e4ger och administrerar webbtj\u00e4nsten staging-creditler.kinsta.cloud\/sv. Syftet med denna policy \u00e4r att f\u00f6rklara vilka uppgifter vi samlar in, p\u00e5 vilket s\u00e4tt vi g\u00f6r det och vad vi anv\u00e4nder dem till.<\/p>\n<h2>Vad \u00e4r personuppgifter?<\/h2>\n<p>Personuppgifter \u00e4r uppgifter som kan kopplas direkt till dig, exempelvis namn, bostadsort, telefonnummer och e-postadress. \u00c4ven uppgifter om p\u00e5 vilket s\u00e4tt du anv\u00e4nder Creditler-tj\u00e4nsten, exempelvis vilka annonser du har sett, betraktas som personuppgifter.<\/p>\n<h2>Hur regleras hanteringen av personuppgifter?<\/h2>\n<p>Lead Group Oy \u00e4r ansvariga f\u00f6r hanteringen av alla personuppgifter som samlas in via Creditler. Uppgifterna sparas antingen i v\u00e5r databas eller p\u00e5 den enhet du anv\u00e4nder (telefon, b\u00e4rbar dator eller motsvarande). Du kan lita p\u00e5 att alla personuppgifter hanteras enligt personuppgiftslagen.<\/p>\n<h2>Vilka uppgifter samlar vi in om dig?<\/h2>\n<ul>\n<li>De uppgifter du l\u00e4mnar sj\u00e4lv<\/li>\n<\/ul>\n<p>N\u00e4r du registrerar dig som anv\u00e4ndare av Creditler ger du oss vissa uppgifter om dig sj\u00e4lv som vi sparar. Samma sak g\u00e4ller n\u00e4r du fyller i formul\u00e4r p\u00e5 startsidan eller p\u00e5 andra webbsidor.<\/p>\n<ul>\n<li>Information om p\u00e5 vilket s\u00e4tt du bes\u00f6ker www.creditler.com-sidan<\/li>\n<\/ul>\n<p>N\u00e4r du bes\u00f6ker n\u00e5gon av v\u00e5ra hemsidor samlar vi in uppgifter om den teknik du anv\u00e4nder, exempelvis om du kopplar upp dig via en b\u00e4rbar dator, surfplatta eller smart telefon eller vilken webbl\u00e4sare och n\u00e4toperat\u00f6r du anv\u00e4nder.<\/p>\n<ul>\n<li>Information om vad du g\u00f6r p\u00e5 sidan<\/li>\n<\/ul>\n<p>N\u00e4r du bes\u00f6ker v\u00e5r webbplats f\u00e5r vi information om ditt beteende. Vi kan bland annat f\u00e5 information om vilka sidor du bes\u00f6ker, vilka annonser du klickar p\u00e5 och vilken reklam vi har visat f\u00f6r dig.<\/p>\n<h2>Person som ansvarar f\u00f6r hantering av personuppgifter<\/h2>\n<p>Lead Group Oy:s styrelse ansvarar f\u00f6r hantering av personuppgifter i anslutning till f\u00f6retagets verksamhet. Ansvaret omfattar uppf\u00f6ljning av de dataskyddsprinciper som f\u00f6ljs i verksamheten.<\/p>\n<h2>Vad betyder registrering?<\/h2>\n<p>Registrering i Creditler inneb\u00e4r f\u00f6rdelar f\u00f6r dig. N\u00e4r du registrerar f\u00e5r du viktig information om l\u00e5n erbjudanden via e-post eller sms.<\/p>\n<p>Du f\u00e5r som utg\u00e5ngspunkt meddelanden fr\u00e5n oss en g\u00e5ng om dagen. Du kan v\u00e4lja att inte f\u00e5 fler meddelanden genom att klicka p\u00e5 l\u00e4nken i slutet av meddelandet.<\/p>\n<h2>Varf\u00f6r samlar vi in personuppgifter?<\/h2>\n<p>Vi samlar in personuppgifter f\u00f6r att kunna ge s\u00e5 l\u00e4mpliga erbjudanden som m\u00f6jligt och de b\u00e4sta rabatter bland v\u00e5ra samarbetspartner. Med hj\u00e4lp av dina kontaktuppgifter h\u00e5ller vi dig uppdaterad om l\u00e4mpliga erbjudanden. Hantering av personuppgifter \u2013 \u00e4ven lagring och vidaref\u00f6rmedling av dem \u2013 sker i sin helhet inom ramen f\u00f6r personuppgiftslagen.<\/p>\n<h2>Vad anv\u00e4nds uppgifterna till?<\/h2>\n<p>Vi str\u00e4var efter att erbjuda alla Creditler-anv\u00e4ndare en skr\u00e4ddarsydd anv\u00e4ndarupplevelse.<\/p>\n<p>Vi anv\u00e4nder personuppgifter f\u00f6r att kunna:<\/p>\n<ul>\n<li>Erbjuda dig precis den tj\u00e4nst du f\u00f6rv\u00e4ntar dig fr\u00e5n oss<\/li>\n<\/ul>\n<p>Vi beh\u00f6ver exempelvis din e-postadress och ditt mobiltelefonnummer f\u00f6r att vi ska kunna n\u00e5 dig och skicka erbjudanden.<\/p>\n<ul>\n<li>F\u00f6rst\u00e5 marknadens behov och trender<\/li>\n<\/ul>\n<p>Vi analyserar uppgifterna och drar p\u00e5 s\u00e5 vis nytta av de upplysningar vi f\u00e5r n\u00e4r vi vidareutvecklar tj\u00e4nsten.<\/p>\n<h2>Delas uppgifterna med andra?<\/h2>\n<p>Tredje part kan anv\u00e4nda dina personuppgifter f\u00f6r analys\u00e4ndam\u00e5l. Tredje part som f\u00e5r uppgifterna \u00e4r skyldiga att f\u00f6lja v\u00e5ra principer f\u00f6r hantering av personuppgifter. Om det finns misstanke om brott kan dina uppgifter \u00f6verl\u00e5tas till myndigheterna. De kan \u00e4ven \u00f6verl\u00e5tas om det befaras att bedr\u00e4gerierna kommer att forts\u00e4tta eller om de kan anv\u00e4ndas f\u00f6r att l\u00f6sa en tvist.<\/p>\n<p>I enstaka fall \u00f6verl\u00e5ter vi \u00e4ven personuppgifter till f\u00f6retag som vi samarbetar med inom CRM-tj\u00e4nster eller e-post- och sms-marknadsf\u00f6ring. F\u00f6retagen har inte r\u00e4tt att anv\u00e4nda uppgifterna till n\u00e5got annat \u00e4n att erbjuda de tj\u00e4nster som de tillhandah\u00e5ller till oss.<\/p>\n<h2>Uppgifter som samlas in via kakor (cookies)<\/h2>\n<p>Vi anv\u00e4nder kakor (cookies) i vissa delar av v\u00e5r tj\u00e4nst. Kakor \u00e4r sm\u00e5 textfiler som inneh\u00e5ller information, som sparas p\u00e5 din dator f\u00f6r att f\u00f6rb\u00e4ttra anv\u00e4ndarupplevelsen. Du kan sj\u00e4lv v\u00e4lja om du vill aktivera eller avaktivera funktionen i din webbl\u00e4sare. Om du avaktiverar funktionen kan du fortfarande anv\u00e4nda Creditler, men enskilda funktioner kanske inte fungerar optimalt.<\/p>\n<h2>Radering av personuppgifter<\/h2>\n<p>Vi sparar inte personuppgifter l\u00e4ngre \u00e4n vad som \u00e4r \u00e4ndam\u00e5lsenligt, s\u00e5vida inte lagen kr\u00e4ver det. Vi har etablerade rutiner f\u00f6r att ta bort person- och identifieringsuppgifter och du kan be oss att ta bort uppgifterna. Om du vill avsluta prenumerationen p\u00e5 v\u00e5rt nyhetsbrev kan du enkelt g\u00f6ra det genom att klicka p\u00e5 l\u00e4nken i slutet av nyhetsbrevet.<\/p>\n<p>Kontakta oss om du vill att dina personuppgifter ska tas bort ur v\u00e5ra system: sv@Creditler.com<\/p>\n","protected":false},"excerpt":{"rendered":"<p>Allm\u00e4nna villkor Creditler.com \u00e4r en gratistj\u00e4nst. N\u00e4r du anv\u00e4nder tj\u00e4nsten Creditler.com ger du Lead Group Oy tillg\u00e5ng till uppgifter om dig. Lead Group Oy \u00e4ger och administrerar webbtj\u00e4nsten staging-creditler.kinsta.cloud\/sv. Syftet med denna policy \u00e4r att f\u00f6rklara vilka uppgifter vi samlar in, p\u00e5 vilket s\u00e4tt vi g\u00f6r det och vad vi anv\u00e4nder dem till. Vad \u00e4r&hellip;<\/p>\n","protected":false},"author":1,"featured_media":0,"parent":0,"menu_order":0,"comment_status":"closed","ping_status":"closed","template":"","meta":{"footnotes":""},"acf":[],"_links":{"self":[{"href":"https:\/\/www.creditler.com\/se\/wp-json\/wp\/v2\/pages\/27889"}],"collection":[{"href":"https:\/\/www.creditler.com\/se\/wp-json\/wp\/v2\/pages"}],"about":[{"href":"https:\/\/www.creditler.com\/se\/wp-json\/wp\/v2\/types\/page"}],"author":[{"embeddable":true,"href":"https:\/\/www.creditler.com\/se\/wp-json\/wp\/v2\/users\/1"}],"replies":[{"embeddable":true,"href":"https:\/\/www.creditler.com\/se\/wp-json\/wp\/v2\/comments?post=27889"}],"version-history":[{"count":1,"href":"https:\/\/www.creditler.com\/se\/wp-json\/wp\/v2\/pages\/27889\/revisions"}],"predecessor-version":[{"id":27950,"href":"https:\/\/www.creditler.com\/se\/wp-json\/wp\/v2\/pages\/27889\/revisions\/27950"}],"wp:attachment":[{"href":"https:\/\/www.creditler.com\/se\/wp-json\/wp\/v2\/media?parent=27889"}],"curies":[{"name":"wp","href":"https:\/\/api.w.org\/{rel}","templated":true}]}}