{"id":27894,"date":"2021-04-20T07:33:02","date_gmt":"2021-04-20T07:33:02","guid":{"rendered":"http:\/\/www.creditler.com\/fi\/?page_id=27894"},"modified":"2021-04-21T12:22:53","modified_gmt":"2021-04-21T12:22:53","slug":"integritetspolicy","status":"publish","type":"page","link":"https:\/\/www.creditler.com\/se\/integritetspolicy\/","title":{"rendered":"Integritetspolicy"},"content":{"rendered":"<p>Creditler \u00e4r en webbtj\u00e4nst som \u00e4gs och administreras av Lead Group Oy. Lead Group Oy har f\u00f6rbundit sig att skydda integriteten f\u00f6r anv\u00e4ndarna av webbplatsen staging-creditler.kinsta.cloud\/sv enligt allm\u00e4nna dataskyddsf\u00f6rordningen (EU 679\/2016), och \u00f6vrig till\u00e4mplig lagstiftning.<\/p>\n<p>Syftet med denna integritetspolicy (\u201dintegritetspolicyn\u201d) \u00e4r redog\u00f6ra f\u00f6r vilken typ av uppgifter vi normalt samlar in fr\u00e5n anv\u00e4ndarna av v\u00e5r webbplats (\u201danv\u00e4ndare\u201d, \u201ddu\u201d), hur vi anv\u00e4nder de uppgifterna samt hur vi \u00f6verl\u00e5ter dem till tredje part. I integritetspolicyn redog\u00f6r vi \u00e4ven f\u00f6r praxis n\u00e4r det g\u00e4ller kakor och tredje parts webbplatser. L\u00e4s integritetspolicyn noggrant. Genom att anv\u00e4nda webbplatsen godk\u00e4nner du hantering av dina personuppgifter enligt integritetspolicyn.<\/p>\n<p>V\u00e5rt f\u00f6retags registerbeskrivning hittar du h\u00e4r:\u00a0<a href=\"https:\/\/staging-creditler.kinsta.cloud\/sv\/registerbeskrivning\/\" data-wct-parsed=\"1\" target=\"_blank\" rel=\"noopener\">Registerbeskrivning<\/a><\/p>\n<h3>1. De uppgifter vi samlar in och regelm\u00e4ssiga informationsk\u00e4llor<\/h3>\n<p>Vi samlar in personuppgifter fr\u00e5n anv\u00e4ndarna sj\u00e4lva via anv\u00e4ndningen av webbplatsen, exempelvis i samband med registrering som anv\u00e4ndaren fyller i via webbplatsen, i kontakt med kundtj\u00e4nst samt direkt fr\u00e5n anv\u00e4ndaren p\u00e5 annat s\u00e4tt. Med hj\u00e4lp av kakor och andra tekniker som beskrivs nedan kan vi dessutom samla in information om hur anv\u00e4ndaren anv\u00e4nder webbplatsen och v\u00e5ra tj\u00e4nster.<\/p>\n<p>De personuppgifter som vi samlar in om anv\u00e4ndarna i samband med anv\u00e4ndningen av webbplatsen \u00e4r viktig information f\u00f6r syftet med hanteringen av personuppgifterna. Vi kan exempelvis samla in f\u00f6ljande uppgifter:<\/p>\n<ul>\n<li>Kontaktuppgifter, s\u00e5som namn, adress, leveransadress (om den skiljer sig fr\u00e5n postadressen), telefonnummer, e-postadress<\/li>\n<li>Registreringsuppgifter, s\u00e5som anv\u00e4ndarnamn, l\u00f6senord eller annat eventuellt ID<\/li>\n<li>F\u00f6delsedatum, k\u00f6n<\/li>\n<li>Profilerings- och intresseuppgifter som l\u00e4mnats av anv\u00e4ndaren<\/li>\n<li>Uppgifter som g\u00e4ller anv\u00e4ndningen av webbplatsen och v\u00e5ra tj\u00e4nster samt anv\u00e4ndarens kundrelation, som exempelvis uppgifter om betalningsf\u00f6rbindelse, kreditkortsuppgifter eller bankkontouppgifter, uppgifter om kund\u00e5terkoppling, orderinformation<\/li>\n<li>Uppgifter om samtycke eller nekande till direktmarknadsf\u00f6ring<\/li>\n<li>Eventuella andra uppgifter som samlats in med anv\u00e4ndarens medgivande<\/li>\n<\/ul>\n<p>Om du anv\u00e4nder en tj\u00e4nst som administreras av tredje part utanf\u00f6r webbplatsen f\u00f6r att registrera dig och\/eller logga in p\u00e5 webbplatsen kan tillg\u00e4ngliga personuppgifter samlas in fr\u00e5n den externa tj\u00e4nsten i enlighet med anv\u00e4ndarvillkoren och integritetspolicyn f\u00f6r den aktuella tj\u00e4nsten (som exempelvis anv\u00e4ndarnamn och e-postadress).<\/p>\n<h3>2. Personuppgifter<\/h3>\n<p>Vi kan hantera dina personuppgifter i f\u00f6ljande syften:<\/p>\n<ul>\n<li>F\u00f6r kommunikation i anslutning till webbplatsen och v\u00e5ra tj\u00e4nster, f\u00f6r att hantera kundrelationen<\/li>\n<li>F\u00f6r att producera, tillhandah\u00e5lla, utveckla, f\u00f6rb\u00e4ttra och skydda webbplatsen och v\u00e5ra tj\u00e4nster<\/li>\n<li>F\u00f6r att g\u00f6ra webbplatsen personlig och anpassad f\u00f6r anv\u00e4ndaren och f\u00f6r riktad reklam<\/li>\n<li>Analys och statistik r\u00f6rande webbplatsen<\/li>\n<li>Marknadsunders\u00f6kningar och elektronisk direktmarknadsf\u00f6ring enligt personuppgiftslagen och lagen om dataskydd vid elektronisk kommunikation<\/li>\n<li>F\u00f6rebyggande och utredning av missbruk<\/li>\n<li>V\u00e4rna om r\u00e4ttigheter och\/eller skydda egendomar i anslutning till webbplatsen<\/li>\n<li>Andra motsvarande anv\u00e4ndningsomr\u00e5den<\/li>\n<\/ul>\n<h3>3. Kakor<\/h3>\n<h4><strong>P\u00e5 webbplatsen anv\u00e4nds kakor<\/strong><\/h4>\n<p>Vi samlar in uppgifter fr\u00e5n anv\u00e4ndarens enhet med hj\u00e4lp av kakor (\u201dcookies\u201d) och andra motsvarande tekniker.<\/p>\n<p>En kaka \u00e4r i regel en liten textfil som din webbl\u00e4sare sparar p\u00e5 din enhet i syfte att identifiera och k\u00e4nna igen anv\u00e4ndaren. Med hj\u00e4lp av kakor kan vi identifiera din webbl\u00e4sare och anv\u00e4nda de uppgifter vi f\u00e5r f\u00f6r att exempelvis r\u00e4kna antalet bes\u00f6kare p\u00e5 v\u00e5ra sidor och analysera anv\u00e4ndningen till exempel f\u00f6r statistik. Det g\u00f6r vi f\u00f6r att utveckla v\u00e5ra tj\u00e4nster s\u00e5 att de st\u00e4ndigt blir b\u00e4ttre f\u00f6r anv\u00e4ndarna.<\/p>\n<p>Med hj\u00e4lp av kakor kan man bland annat samla in uppgifter om:<\/p>\n<ul>\n<li>anv\u00e4ndarens IP-adress<\/li>\n<li>klockslag<\/li>\n<li>bes\u00f6kta sidor och hur l\u00e5ng tid man stannade p\u00e5 dem<\/li>\n<li>typ av webbl\u00e4sare, enhetens operativsystem<\/li>\n<li>fr\u00e5n vilken webbadress anv\u00e4ndaren har kommit till webbplatsen och till vilken webbadress anv\u00e4ndaren g\u00e5r efter att ha bes\u00f6kt webbplatsen<\/li>\n<li>via vilka webbl\u00e4sare och fr\u00e5n vilket dom\u00e4nnamn anv\u00e4ndaren har kommit till webbplatsen<\/li>\n<\/ul>\n<p>Webbplatsen kan \u00e4ven inneh\u00e5lla kakor fr\u00e5n tredje part, som exempelvis m\u00e4tnings- och uppf\u00f6ljningstj\u00e4nster. Tredje part kan installera kakor i din enhet n\u00e4r du bes\u00f6ker v\u00e5r webbplats.<\/p>\n<h4><strong>Kakor p\u00e5 tredje parts webbsidor<\/strong><\/h4>\n<p>Ut\u00f6ver de kakor som anv\u00e4nds p\u00e5 v\u00e5r webbplats anv\u00e4nds kakor \u00e4ven f\u00f6r att rikta v\u00e5r egen marknadsf\u00f6ring p\u00e5 tredje parts webbplatser. Vi samarbetar med f\u00f6retag som \u00e4r specialiserade p\u00e5 tekniker f\u00f6r webbmarknadsf\u00f6ring. De uppgifter som samlas in via dessa samarbetspartners kakor och andra tekniker kan vi anv\u00e4ndas f\u00f6r att rikta reklam baserat p\u00e5 tidigare beteende p\u00e5 n\u00e4tet och andra faktorer till de n\u00e4tanv\u00e4ndare som sannolikt \u00e4r mest intresserade av v\u00e5r reklam. F\u00f6r att rikta reklamen kan vi d\u00e5 \u00e4ven anv\u00e4nda information om beteende p\u00e5 n\u00e4tet som samlats in fr\u00e5n externa webbplatser.<\/p>\n<p>Vi och v\u00e5ra samarbetspartner kan dessutom samla in uppgifter om hur effektiva v\u00e5ra reklamutskick \u00e4r. I det syftet kan vi exempelvis samla in f\u00f6ljande uppgifter:<\/p>\n<ul>\n<li>Information om hur m\u00e5nga g\u00e5nger en viss reklam har visats i webbl\u00e4saren<\/li>\n<li>Information om ifall reklamen \u00f6ppnats<\/li>\n<li>Information om ifall reklamen ledde till k\u00f6p av en produkt i webbutiken<\/li>\n<\/ul>\n<h4><strong>Blockera kakor och riktad reklam<\/strong><\/h4>\n<p>Du kan sj\u00e4lv best\u00e4mma i vilken utstr\u00e4ckning du medger anv\u00e4ndning av kakor och riktad reklam.<\/p>\n<p>Du kan blockera anv\u00e4ndningen av kakor genom att \u00e4ndra inst\u00e4llningarna i din webbl\u00e4sare. Observera att du kanske inte kan anv\u00e4nda vissa funktioner p\u00e5 webbplatsen om du blockerar kakor.<\/p>\n<p>Om du inte vill ha riktad reklam efter dina intresseomr\u00e5den kan du blockera den riktade reklamen via l\u00e4nken nedan. Efter att du blockerat den riktade reklamen visas lika mycket reklam som tidigare, men den \u00e4r inte utvald utifr\u00e5n dina intresseomr\u00e5den.<\/p>\n<p>Du kan blockera riktad reklam h\u00e4r http:\/\/www.youronlinechoices.com\/se\/dina-val.<\/p>\n<h3>4. Regelm\u00e4ssig \u00f6verl\u00e5telse av uppgifter<\/h3>\n<p>Vi kan \u00f6verl\u00e5ta dina personuppgifter f\u00f6r motiverade anv\u00e4ndningsomr\u00e5den i enlighet med g\u00e4llande personuppgiftslag.<\/p>\n<p>a) De uppgifter du delar med dig av via webbplatsen kan \u00f6verl\u00e5tas till parter som tillh\u00f6r f\u00f6ljande kategorier:<\/p>\n<ul>\n<li>Tj\u00e4nsteleverant\u00f6rer som deltar i tillhandah\u00e5llandet av v\u00e5r webbplats och v\u00e5ra tj\u00e4nster, som exempelvis betalningstj\u00e4nster<\/li>\n<li>V\u00e5ra samarbetspartner i marknadsf\u00f6ringssyfte, om du inte har f\u00f6rbjudit det<\/li>\n<li>Myndigheter i de fall d\u00e5 lagen eller v\u00e5rt intresse eller tredje parts intresse kr\u00e4ver det<\/li>\n<li>V\u00e5ra dotterbolag och intressef\u00f6retag eller andra f\u00f6retag inom samma koncern eller f\u00f6retag som ing\u00e5r i en ekonomisk sammanslutning, eller webbplatsens nya \u00e4gare eller del\u00e4gare eller ut\u00f6vare och deras r\u00e5dgivare i samband med en bolagsaff\u00e4r eller omstrukturering<\/li>\n<\/ul>\n<p>b) Uppgifter som samlas in genom automatisk databehandling kan \u00f6verl\u00e5tas till parter som tillh\u00f6r f\u00f6ljande kategorier:<\/p>\n<ul>\n<li>Tj\u00e4nsteleverant\u00f6rer, som exempelvis f\u00f6retag specialiserade p\u00e5 dataanalys och webbreklam<\/li>\n<li>Myndigheterna i de fall d\u00e5 lagen eller v\u00e5rt intresse eller tredje parts intresse kr\u00e4ver det<\/li>\n<li>V\u00e5ra dotterbolag och intressef\u00f6retag eller andra f\u00f6retag inom samma koncern eller f\u00f6retag som ing\u00e5r i en ekonomisk sammanslutning, eller webbplatsens nya \u00e4gare eller del\u00e4gare eller ut\u00f6vare och deras r\u00e5dgivare i samband med en bolagsaff\u00e4r eller omstrukturering<\/li>\n<\/ul>\n<p>Dessutom kan uppgifterna \u00f6verl\u00e5tas till tredje part i en form som g\u00f6r att enskilda anv\u00e4ndare inte kan identifieras, varvid det inte handlar om personuppgifter.<\/p>\n<p>Tj\u00e4nsteleverant\u00f6rer som vi anv\u00e4ndar \u00e4r bland annat:<\/p>\n<ul>\n<li>Google\u00a0<a href=\"https:\/\/myactivity.google.com\/\" data-wct-parsed=\"1\" target=\"_blank\" rel=\"noopener\">(Hantera dina data h\u00e4r)<\/a><\/li>\n<li>Facebook\u00a0<a href=\"https:\/\/www.facebook.com\/privacy\/explanation\" data-wct-parsed=\"1\" target=\"_blank\" rel=\"noopener\">(Hantera dina data h\u00e4r)<\/a><\/li>\n<\/ul>\n<h3>5. L\u00e4nkar till tredje parts webbplatser<\/h3>\n<p>V\u00e5r webbplats kan inneh\u00e5lla l\u00e4nkar till webbplatser som administreras av tredje part. Vi ansvarar inte f\u00f6r inneh\u00e5llet eller integritetspolicyn p\u00e5 dessa tredjepartswebbplatser. Vi rekommenderar att du noggrant s\u00e4tter dig in villkoren f\u00f6r integritetsskydd p\u00e5 varje enskild webbplats.<\/p>\n<h3>6. Principer f\u00f6r skydd av personuppgifter<\/h3>\n<p>Vi anv\u00e4nder tillr\u00e4ckliga tekniska och organisatoriska dataskyddsmetoder f\u00f6r att skydda personuppgifter fr\u00e5n obeh\u00f6rig \u00e5tkomst och mot oavsiktlig eller olaglig f\u00f6rlust, \u00e4ndring, \u00f6verl\u00e5telse, \u00f6verf\u00f6ring eller annan olaglig hantering.<\/p>\n<h3>7. Dina r\u00e4ttigheter och p\u00e5verkansm\u00f6jligheter<\/h3>\n<p>Du har r\u00e4tt att granska de uppgifter om dig som finns i v\u00e5ra register, r\u00e4tt att kr\u00e4va att felaktiga uppgifter r\u00e4ttas till, r\u00e4tt att f\u00f6rbjuda hantering av dina personuppgifter f\u00f6r direktmarknadsf\u00f6ring samt \u00e4ven i \u00f6vrigt utnyttja dina r\u00e4ttigheter enligt personuppgiftslagen.<\/p>\n<p>P\u00e5 din beg\u00e4ran r\u00e4ttar vi, tar bort eller kompletterar personuppgifter som \u00e4r felaktiga, on\u00f6diga, bristf\u00e4lliga eller f\u00f6r\u00e5ldrade med tanke p\u00e5 syftet med hanteringen. Du kan anv\u00e4nda ovan n\u00e4mnda r\u00e4ttigheter genom att kontakta v\u00e5r kundtj\u00e4nst p\u00e5 adressen sv@www.creditler.com. N\u00e4r du anv\u00e4nder din r\u00e4tt till insyn kan vi ta ut en rimlig ers\u00e4ttning f\u00f6r utl\u00e4mningen av uppgifterna om det har g\u00e5tt mindre \u00e4n ett \u00e5r sedan anv\u00e4ndaren senast fick uppgifter ur registret.<\/p>\n<h3>8. \u00c4ndringar i integritetspolicyn<\/h3>\n<p>Vi f\u00f6rbeh\u00e5ller oss r\u00e4tten att \u00e4ndra i denna integritetspolicy utan f\u00f6reg\u00e5ende meddelande p\u00e5 webbplatsen. Vi rekommenderar att du l\u00e4ser integritetspolicyn regelbundet.<\/p>\n<h3>9. Kontaktuppgifter<\/h3>\n<p>Registeransvarig f\u00f6r de personuppgifter vi samlar in \u00e4r Lead Group Oy<\/p>\n<p>Om du har fr\u00e5gor om denna integritetspolicy kan du kontakta v\u00e5r kontaktperson:<\/p>\n<p>Customer Service<br \/>\nE-post: sv@www.creditler.com<br \/>\nAdress: Lead Group Oy, PL 10, 90501 Oulu, Finland<\/p>\n","protected":false},"excerpt":{"rendered":"<p>Creditler \u00e4r en webbtj\u00e4nst som \u00e4gs och administreras av Lead Group Oy. Lead Group Oy har f\u00f6rbundit sig att skydda integriteten f\u00f6r anv\u00e4ndarna av webbplatsen staging-creditler.kinsta.cloud\/sv enligt allm\u00e4nna dataskyddsf\u00f6rordningen (EU 679\/2016), och \u00f6vrig till\u00e4mplig lagstiftning. Syftet med denna integritetspolicy (\u201dintegritetspolicyn\u201d) \u00e4r redog\u00f6ra f\u00f6r vilken typ av uppgifter vi normalt samlar in fr\u00e5n anv\u00e4ndarna av v\u00e5r&hellip;<\/p>\n","protected":false},"author":1,"featured_media":0,"parent":0,"menu_order":0,"comment_status":"closed","ping_status":"closed","template":"","meta":{"footnotes":""},"acf":[],"_links":{"self":[{"href":"https:\/\/www.creditler.com\/se\/wp-json\/wp\/v2\/pages\/27894"}],"collection":[{"href":"https:\/\/www.creditler.com\/se\/wp-json\/wp\/v2\/pages"}],"about":[{"href":"https:\/\/www.creditler.com\/se\/wp-json\/wp\/v2\/types\/page"}],"author":[{"embeddable":true,"href":"https:\/\/www.creditler.com\/se\/wp-json\/wp\/v2\/users\/1"}],"replies":[{"embeddable":true,"href":"https:\/\/www.creditler.com\/se\/wp-json\/wp\/v2\/comments?post=27894"}],"version-history":[{"count":1,"href":"https:\/\/www.creditler.com\/se\/wp-json\/wp\/v2\/pages\/27894\/revisions"}],"predecessor-version":[{"id":27960,"href":"https:\/\/www.creditler.com\/se\/wp-json\/wp\/v2\/pages\/27894\/revisions\/27960"}],"wp:attachment":[{"href":"https:\/\/www.creditler.com\/se\/wp-json\/wp\/v2\/media?parent=27894"}],"curies":[{"name":"wp","href":"https:\/\/api.w.org\/{rel}","templated":true}]}}