{"id":27896,"date":"2021-04-20T07:33:23","date_gmt":"2021-04-20T07:33:23","guid":{"rendered":"http:\/\/www.creditler.com\/fi\/?page_id=27896"},"modified":"2021-04-21T12:22:11","modified_gmt":"2021-04-21T12:22:11","slug":"registerbeskrivning","status":"publish","type":"page","link":"https:\/\/www.creditler.com\/se\/registerbeskrivning\/","title":{"rendered":"Registerbeskrivning"},"content":{"rendered":"<h3>1. Registeransvarig<\/h3>\n<p>Lead Group Oy, FO-nummer 2402504-2, PL 10, 90501 Oulu<\/p>\n<h3>2. Ansvarig f\u00f6r register\u00e4renden<\/h3>\n<p>E-post: sv@www.creditler.com<br \/>\nAdress: Lead Group Oy, PL 10, 90501 Oulu, Finland<\/p>\n<h3>3. Registrets namn<\/h3>\n<p>Creditler kund- och marknadsf\u00f6ringsregister.<\/p>\n<h3>4. Syftet med behandlingen av personuppgifter (registrets anv\u00e4ndnings\u00e4ndam\u00e5l)<\/h3>\n<p>Registret anv\u00e4nds efter kundens medgivande och till f\u00f6ljd av en servicebeg\u00e4ran fr\u00e5n kundens sida f\u00f6r identifiering av kunden och inloggning i webbtj\u00e4nsten Creditler, d\u00e4r kunden kan skicka in en ans\u00f6kan och ta emot erbjudanden om l\u00e5n och andra finansiella produkter fr\u00e5n Creditler samarbetspartner. Registret anv\u00e4nds ocks\u00e5 f\u00f6r att hantera skyldigheter r\u00f6rande lagring, rapportering och f\u00f6rfr\u00e5gningar baserat p\u00e5 lagar samt myndighetsbest\u00e4mmelser och -anvisningar.<\/p>\n<p>Personuppgifterna i registret kan \u00e4ven anv\u00e4ndas i direktmarknadsf\u00f6ringssyfte f\u00f6r att marknadsf\u00f6ra den registeransvariges tj\u00e4nster inom ramen f\u00f6r det lagen till\u00e5ter.<\/p>\n<p>Personuppgifterna i registret anv\u00e4nds ocks\u00e5 f\u00f6r att hantera Creditler kundtj\u00e4nst och kundrelationer samt f\u00f6r att administrera och hantera eventuella reklamationer samt till interna marknadsf\u00f6rings- och kundanalyser och marknadsunders\u00f6kningar.<\/p>\n<p>Personuppgifterna i registret kan ocks\u00e5 anv\u00e4ndas f\u00f6r att anpassa v\u00e5ra elektroniska tj\u00e4nster till anv\u00e4ndaren p\u00e5 v\u00e5ra olika webbplatser (s\u00e5som staging-creditler.kinsta.cloud).<\/p>\n<p>Personuppgifterna i registret kan \u00e4ven anv\u00e4ndas f\u00f6r att vidareutveckla Lead Group Oy:s egen verksamhet.<\/p>\n<p>Ditt personnummer sparas endast vid fel p\u00e5 Lead Group Oy:s server och d\u00e5 endast tillf\u00e4lligt under sju dagar.<\/p>\n<p>Om du inte delger oss de uppgifter som anges som obligatoriska \u00e4r det inte s\u00e4kert att Creditler kan tillhandah\u00e5lla sina tj\u00e4nster till dig.<\/p>\n<p>Vissa av Creditler tj\u00e4nster kan vara f\u00f6rbundna med s\u00e4rskilda villkor f\u00f6r hantering av personuppgifter. Anv\u00e4ndaren informeras om dessa och vi ber anv\u00e4ndaren om godk\u00e4nnande i samband med att anv\u00e4ndaren anv\u00e4nder tj\u00e4nsterna.<\/p>\n<h3>5. Datainneh\u00e5ll i registret<\/h3>\n<p>Registret inneh\u00e5ller uppgifter om dem som s\u00f6ker p\u00e5 produkter och kunder samt m\u00e5lgrupper f\u00f6r marknadsf\u00f6ring enligt f\u00f6ljande gruppering:<\/p>\n<h4>5.1 Uppgifter om den s\u00f6kande som person<\/h4>\n<ul>\n<li>F\u00f6r- och efternamn<\/li>\n<li>Adressuppgifter<\/li>\n<li>Telefonnummer<\/li>\n<li>E-postadress<\/li>\n<li>F\u00f6rbud mot och samtycke till direktmarknadsf\u00f6ring<\/li>\n<li>\u00c5terkoppling och reklamationer fr\u00e5n kunden<\/li>\n<li>IP-adressen f\u00f6r den enhet som kunden anv\u00e4nder samt kakor<\/li>\n<li>Ytterligare uppgifter som kunden sj\u00e4lv l\u00e4mnat och som \u00e4r viktiga med tanke p\u00e5 den registeransvariges tj\u00e4nster<\/li>\n<\/ul>\n<h4>5.2 Uppgifter om den person som direktmarknadsf\u00f6ring och annan marknadsf\u00f6ring riktas till<\/h4>\n<ul>\n<li>F\u00f6r- och efternamn<\/li>\n<li>Adressuppgifter<\/li>\n<li>Telefonnummer<\/li>\n<li>E-postadress<\/li>\n<li>F\u00f6rbud mot och samtycke till direktmarknadsf\u00f6ring<\/li>\n<\/ul>\n<h3>6. Registrets regelm\u00e4ssiga datak\u00e4llor<\/h3>\n<p>I registret samlas uppgifter om hur kundrelationen uppstod och hur l\u00e4nge den p\u00e5g\u00e5tt. Personuppgifter samlas in:<\/p>\n<ul>\n<li>genom att fr\u00e5ga den registrerade sj\u00e4lv och n\u00e4r den registrerade anv\u00e4nder Lead Group Oy:s olika webbsidor<\/li>\n<\/ul>\n<h3>7. \u00d6verl\u00e5telse av uppgifter<\/h3>\n<p>Lead Group Oy kan endast \u00f6verl\u00e5ta uppgifter inom ramen f\u00f6r det som regleras enligt lag. De uppgifter som \u00f6verl\u00e5ts \u00e4r till st\u00f6rsta delen f\u00f6ljande personuppgifter:<\/p>\n<p>Vid f\u00f6rfr\u00e5gningar fr\u00e5n myndigheter \u00f6verl\u00e5ts alla de uppgifter som myndigheterna beg\u00e4r in. F\u00f6r tydlighetens skull konstateras det att Lead Group Oy:s personal och utomst\u00e5ende personer som arbetar f\u00f6r f\u00f6retagets r\u00e4kning har tystnadsplikt n\u00e4r det g\u00e4ller alla kunduppgifter.<\/p>\n<h3>8. \u00d6verf\u00f6ring av uppgifter utanf\u00f6r EES<\/h3>\n<p>Lead Group Oy \u00f6verf\u00f6r inte personuppgifter utanf\u00f6r Europeiska ekonomiska samarbetsomr\u00e5det.<\/p>\n<h3>9. Skydd av registret<\/h3>\n<p>Anvisningar ges om anv\u00e4ndningen av personregistret inom den registeransvariges organisation och \u00e5tkomsten till personregistret \u00e4r begr\u00e4nsad genom att endast anst\u00e4llda hos den registeransvarige som p\u00e5 grund av sitt arbete har r\u00e4tt till det har \u00e5tkomst till uppgifterna i personregistret, b\u00e5de manuellt lagrade uppgifter och uppgifter i IT-system. Den registeransvarige har inf\u00f6rt passerkontroll, l\u00e5s och inbrottslarm i sina lokaler. IT-systemen \u00e4r skyddade mot skadliga program via antivirusprogram, brandv\u00e4ggar, anv\u00e4ndaradministration och andra moderna metoder. Den registeransvariges personal utbildas i att hantera personuppgifter p\u00e5 r\u00e4tt s\u00e4tt. Den registeransvarige har en intern policy och interna best\u00e4mmelser r\u00f6rande korrekt hantering av personuppgifter.<\/p>\n<p>Genom uppdragsavtal f\u00f6rpliktas underleverant\u00f6rer som p\u00e5 uppdrag av den registeransvarige hanterar personuppgifter att skydda personuppgifterna p\u00e5 motsvarande s\u00e4tt.<\/p>\n<p>Uppgifterna p\u00e5 webbplatsen skyddas med en SSL-krypterad f\u00f6rbindelse och kryptering vid \u00f6verf\u00f6ring av uppgifter.<\/p>\n<h3>10. Den registrerades f\u00f6rbudsr\u00e4tt<\/h3>\n<p>Den registrerade har r\u00e4tt att f\u00f6rbjuda den registeransvarige att hantera uppgifter som r\u00f6r honom eller henne f\u00f6r direktreklam, distansf\u00f6rs\u00e4ljning och annan direktmarknadsf\u00f6ring samt marknads- och opinionsunders\u00f6kningar.<\/p>\n<h3>11. Den registrerades r\u00e4tt till insyn, r\u00e4ttelse av uppgifter och lagringstid f\u00f6r uppgifterna<\/h3>\n<p>Den registrerade har r\u00e4tt att kontrollera de uppgifter som \u00e4r registrerade i personregistret som r\u00f6r honom eller henne och f\u00e5 kopior p\u00e5 dem enligt det som f\u00f6reskrivs i lagen.<\/p>\n<p>N\u00e4r kundrelationen upph\u00f6r raderas kundens uppgifter genast ur registret om hantering av dem inte l\u00e4ngre \u00e4r n\u00f6dv\u00e4ndig, dock senast inom den tidsfrist som g\u00e4ller enligt lag. Den registeransvarige r\u00e4ttar, raderar eller kompletterar p\u00e5 eget initiativ eller p\u00e5 den registrerades beg\u00e4ran personuppgifter som finns i registret som \u00e4r felaktiga, on\u00f6diga, bristf\u00e4lliga eller f\u00f6r\u00e5ldrade med tanke p\u00e5 \u00e4ndam\u00e5let med hanteringen p\u00e5 det s\u00e4tt som lagen f\u00f6reskriver.<\/p>\n<p>F\u00f6r att \u00e5beropa den registrerades f\u00f6rbudsr\u00e4tt och r\u00e4tt till insyn samt till r\u00e4tt f\u00e5 uppgifterna r\u00e4ttade ska den person som \u00e4r ansvarig f\u00f6r register\u00e4renden kontaktas.<\/p>\n","protected":false},"excerpt":{"rendered":"<p>1. Registeransvarig Lead Group Oy, FO-nummer 2402504-2, PL 10, 90501 Oulu 2. Ansvarig f\u00f6r register\u00e4renden E-post: sv@www.creditler.com Adress: Lead Group Oy, PL 10, 90501 Oulu, Finland 3. Registrets namn Creditler kund- och marknadsf\u00f6ringsregister. 4. Syftet med behandlingen av personuppgifter (registrets anv\u00e4ndnings\u00e4ndam\u00e5l) Registret anv\u00e4nds efter kundens medgivande och till f\u00f6ljd av en servicebeg\u00e4ran fr\u00e5n kundens sida&hellip;<\/p>\n","protected":false},"author":1,"featured_media":0,"parent":0,"menu_order":0,"comment_status":"closed","ping_status":"closed","template":"","meta":{"footnotes":""},"acf":[],"_links":{"self":[{"href":"https:\/\/www.creditler.com\/se\/wp-json\/wp\/v2\/pages\/27896"}],"collection":[{"href":"https:\/\/www.creditler.com\/se\/wp-json\/wp\/v2\/pages"}],"about":[{"href":"https:\/\/www.creditler.com\/se\/wp-json\/wp\/v2\/types\/page"}],"author":[{"embeddable":true,"href":"https:\/\/www.creditler.com\/se\/wp-json\/wp\/v2\/users\/1"}],"replies":[{"embeddable":true,"href":"https:\/\/www.creditler.com\/se\/wp-json\/wp\/v2\/comments?post=27896"}],"version-history":[{"count":1,"href":"https:\/\/www.creditler.com\/se\/wp-json\/wp\/v2\/pages\/27896\/revisions"}],"predecessor-version":[{"id":27959,"href":"https:\/\/www.creditler.com\/se\/wp-json\/wp\/v2\/pages\/27896\/revisions\/27959"}],"wp:attachment":[{"href":"https:\/\/www.creditler.com\/se\/wp-json\/wp\/v2\/media?parent=27896"}],"curies":[{"name":"wp","href":"https:\/\/api.w.org\/{rel}","templated":true}]}}